{"id":17484,"date":"2026-05-15T16:32:34","date_gmt":"2026-05-15T13:32:34","guid":{"rendered":"https:\/\/a-patch.com\/?post_type=product&#038;p=17484"},"modified":"2026-05-15T16:38:43","modified_gmt":"2026-05-15T13:38:43","slug":"newtons-cap-latvia-hockey-army-perforated","status":"publish","type":"product","link":"https:\/\/a-patch.com\/lv\/produkts\/newtons-cap-latvia-hockey-army-perforated\/","title":{"rendered":"NEWton&#8217;s Cap &#8211; Latvia Hockey Army Perforated"},"content":{"rendered":"","protected":false},"excerpt":{"rendered":"<p>Stil\u012bga un funkcion\u0101la cepure bordo kamufl\u0101\u017eas dizain\u0101, rad\u012bta \u012bstiem Latvijas hokeja l\u012bdzjut\u0113jiem. Modelis apvieno izteiksm\u012bgu sportisku raksturu un praktiskumu aukstajai sezonai.<br \/>\nPerforated side panels provide excellent ventilation, making the cap comfortable even on warm summer days.<\/p>\n<p>Izgatavota no premium klases gabard\u012bna \u2014 iztur\u012bga, bet viegla auduma, ko izmanto augst\u0101k\u0101s kvalit\u0101tes ap\u0123\u0113rbu ra\u017eo\u0161an\u0101.<\/p>\n<p>Materi\u0101li:<br \/>\nGalvenais audums \u2013 gabard\u012bns, 100% poliesters.<br \/>\nSviedru lente \u2013 100% kokvilna<br \/>\nL\u016bdzu, \u0146emiet v\u0113r\u0101: produkta kr\u0101sa var at\u0161\u0137irties atkar\u012bb\u0101 no ekr\u0101na iestat\u012bjumiem un apk\u0101rt\u0113j\u0101s apgaismojuma.<\/p>","protected":false},"featured_media":17483,"comment_status":"open","ping_status":"closed","template":"","meta":[],"product_cat":[281,210,215,260],"product_tag":[266,282,235,274,283,275,262,264],"class_list":{"0":"post-17484","1":"product","2":"type-product","3":"status-publish","4":"has-post-thumbnail","6":"product_cat-latvian-bordo","7":"product_cat-newtons-cap","8":"product_cat-newtons-cap-perforated","9":"product_cat-newtons-cap-custom-design","10":"product_tag-a-patch","11":"product_tag-bordo","12":"product_tag-caps","13":"product_tag-custom","14":"product_tag-hockey","15":"product_tag-latvia","16":"product_tag-newtons","17":"product_tag-perforated","18":"pa_color-latvian-bordo","19":"pa_color-multicolor","20":"pa_size-standard","21":"product_brand-latvia","22":"product_brand-hockey-fan","24":"first","25":"instock","26":"taxable","27":"shipping-taxable","28":"purchasable","29":"product-type-variable","30":"rtwpvs-product"},"_links":{"self":[{"href":"https:\/\/a-patch.com\/lv\/wp-json\/wp\/v2\/product\/17484","targetHints":{"allow":["GET"]}}],"collection":[{"href":"https:\/\/a-patch.com\/lv\/wp-json\/wp\/v2\/product"}],"about":[{"href":"https:\/\/a-patch.com\/lv\/wp-json\/wp\/v2\/types\/product"}],"replies":[{"embeddable":true,"href":"https:\/\/a-patch.com\/lv\/wp-json\/wp\/v2\/comments?post=17484"}],"wp:featuredmedia":[{"embeddable":true,"href":"https:\/\/a-patch.com\/lv\/wp-json\/wp\/v2\/media\/17483"}],"wp:attachment":[{"href":"https:\/\/a-patch.com\/lv\/wp-json\/wp\/v2\/media?parent=17484"}],"wp:term":[{"taxonomy":"product_cat","embeddable":true,"href":"https:\/\/a-patch.com\/lv\/wp-json\/wp\/v2\/product_cat?post=17484"},{"taxonomy":"product_tag","embeddable":true,"href":"https:\/\/a-patch.com\/lv\/wp-json\/wp\/v2\/product_tag?post=17484"}],"curies":[{"name":"wp","href":"https:\/\/api.w.org\/{rel}","templated":true}]}}