{"id":17473,"date":"2026-05-15T16:19:55","date_gmt":"2026-05-15T13:19:55","guid":{"rendered":"https:\/\/a-patch.com\/?post_type=product&#038;p=17473"},"modified":"2026-05-15T16:38:00","modified_gmt":"2026-05-15T13:38:00","slug":"newtons-cap-latvia-hockey-army-summer","status":"publish","type":"product","link":"https:\/\/a-patch.com\/lv\/produkts\/newtons-cap-latvia-hockey-army-summer\/","title":{"rendered":"NEWton&#8217;s Cap &#8211; Latvia Hockey Army Summer"},"content":{"rendered":"","protected":false},"excerpt":{"rendered":"<p>Stil\u012bga un funkcion\u0101la cepure bordo kamufl\u0101\u017eas dizain\u0101, rad\u012bta \u012bstiem Latvijas hokeja l\u012bdzjut\u0113jiem. Modelis apvieno izteiksm\u012bgu sportisku raksturu un praktiskumu aukstajai sezonai.<\/p>\n<p>Izgatavota no premium klases gabard\u012bna \u2014 iztur\u012bga, bet viegla auduma, ko izmanto augst\u0101k\u0101s kvalit\u0101tes ap\u0123\u0113rbu ra\u017eo\u0161an\u0101.<\/p>\n<p>Materi\u0101li:<br \/>\nGalvenais audums \u2013 gabard\u012bns, 100% poliesters.<br \/>\nSviedru lente \u2013 100% kokvilna<br \/>\nL\u016bdzu, \u0146emiet v\u0113r\u0101: produkta kr\u0101sa var at\u0161\u0137irties atkar\u012bb\u0101 no ekr\u0101na iestat\u012bjumiem un apk\u0101rt\u0113j\u0101s apgaismojuma.<\/p>","protected":false},"featured_media":17476,"comment_status":"open","ping_status":"closed","template":"","meta":[],"product_cat":[281,210,260],"product_tag":[266,282,235,274,283,275,262],"class_list":{"0":"post-17473","1":"product","2":"type-product","3":"status-publish","4":"has-post-thumbnail","6":"product_cat-latvian-bordo","7":"product_cat-newtons-cap","8":"product_cat-newtons-cap-custom-design","9":"product_tag-a-patch","10":"product_tag-bordo","11":"product_tag-caps","12":"product_tag-custom","13":"product_tag-hockey","14":"product_tag-latvia","15":"product_tag-newtons","16":"pa_color-latvian-bordo","17":"pa_color-multicolor","18":"pa_size-standard","19":"product_brand-latvia","20":"product_brand-hockey-fan","22":"first","23":"instock","24":"taxable","25":"shipping-taxable","26":"purchasable","27":"product-type-variable","28":"rtwpvs-product"},"_links":{"self":[{"href":"https:\/\/a-patch.com\/lv\/wp-json\/wp\/v2\/product\/17473","targetHints":{"allow":["GET"]}}],"collection":[{"href":"https:\/\/a-patch.com\/lv\/wp-json\/wp\/v2\/product"}],"about":[{"href":"https:\/\/a-patch.com\/lv\/wp-json\/wp\/v2\/types\/product"}],"replies":[{"embeddable":true,"href":"https:\/\/a-patch.com\/lv\/wp-json\/wp\/v2\/comments?post=17473"}],"wp:featuredmedia":[{"embeddable":true,"href":"https:\/\/a-patch.com\/lv\/wp-json\/wp\/v2\/media\/17476"}],"wp:attachment":[{"href":"https:\/\/a-patch.com\/lv\/wp-json\/wp\/v2\/media?parent=17473"}],"wp:term":[{"taxonomy":"product_cat","embeddable":true,"href":"https:\/\/a-patch.com\/lv\/wp-json\/wp\/v2\/product_cat?post=17473"},{"taxonomy":"product_tag","embeddable":true,"href":"https:\/\/a-patch.com\/lv\/wp-json\/wp\/v2\/product_tag?post=17473"}],"curies":[{"name":"wp","href":"https:\/\/api.w.org\/{rel}","templated":true}]}}