{"id":16967,"date":"2026-04-10T08:45:49","date_gmt":"2026-04-10T05:45:49","guid":{"rendered":"https:\/\/a-patch.com\/?post_type=product&#038;p=16967"},"modified":"2026-04-10T08:54:43","modified_gmt":"2026-04-10T05:54:43","slug":"newtons-cap-latvian-dark-summer","status":"publish","type":"product","link":"https:\/\/a-patch.com\/lv\/produkts\/newtons-cap-latvian-dark-summer\/","title":{"rendered":"NEWton&#8217;s Cap  &#8211; Latvian Dark Summer"},"content":{"rendered":"","protected":false},"excerpt":{"rendered":"<p><strong>Latvian Summer<\/strong> &#8211; Made 100% in LATVIA<br \/>\nLightweight summer cap for those who appreciate a strict style. Decorated with black detailed embroidered national coat of arms. Perforated side panels provide excellent ventilation, making the cap comfortable even on warm summer days.<\/p>\n<p>Galvenais izmantotais materi\u0101ls ir augst\u0101k\u0101s kvalit\u0101tes gabard\u012bns, kas paz\u012bstams ar savu \u012bpa\u0161o \u012bpa\u0161\u012bbu kombin\u0101ciju \u2013 viegls un pat\u012bkams piesk\u0101riens, bet vienlaikus iztur\u012bgs, praktisks un elpojo\u0161s.<\/p>\n<p class=\"translation-block\">NEWton\u2019s cepure \u2013 klasiska un neapstr\u012bdama k\u0101 pati gravit\u0101cija. Izliekts nadzi\u0146\u0161 un gluda forma pie\u0161\u0137ir izskatu, kas piem\u0113rots gandr\u012bz jebkuram stilam \u2013 gan ikdienai, gan \u012bpa\u0161iem dz\u012bves mirk\u013ciem.<\/p>\n<p>Materi\u0101li:<\/p>\n<table>\n<tbody>\n<tr>\n<td>Pamatmateri\u0101ls<\/td>\n<td class=\"color-square black\">Gabard\u012bns, 100% poliesters<br \/>\nKr\u0101sa \u2013 melna<\/td>\n<\/tr>\n<tr>\n<td>Nags<\/td>\n<td class=\"color-square black\">Gabard\u012bns, 100% poliesters<br \/>\nKr\u0101sa \u2013 melna<\/td>\n<\/tr>\n<tr>\n<td>Sviedru josla<\/td>\n<td class=\"color-square black\">100% kokvilna<br \/>\nKr\u0101sa \u2013 melna<\/td>\n<\/tr>\n<tr>\n<td colspan=\"2\"><em>L\u016bdzu, \u0146emiet v\u0113r\u0101: produkta kr\u0101sa var at\u0161\u0137irties atkar\u012bb\u0101 no ekr\u0101na iestat\u012bjumiem un apk\u0101rt\u0113j\u0101s apgaismojuma.<\/em><\/td>\n<\/tr>\n<\/tbody>\n<\/table>","protected":false},"featured_media":16971,"comment_status":"open","ping_status":"closed","template":"","meta":[],"product_cat":[210,211,215,260,250],"product_tag":[266,235,274,251,275,262,264],"class_list":{"0":"post-16967","1":"product","2":"type-product","3":"status-publish","4":"has-post-thumbnail","6":"product_cat-newtons-cap","7":"product_cat-newtons-cap-single-tone","8":"product_cat-newtons-cap-perforated","9":"product_cat-newtons-cap-custom-design","10":"product_cat-jet-black","11":"product_tag-a-patch","12":"product_tag-caps","13":"product_tag-custom","14":"product_tag-jet-black","15":"product_tag-latvia","16":"product_tag-newtons","17":"product_tag-perforated","18":"pa_color-jet-black","19":"pa_color-multicolor","20":"pa_size-56-5","21":"pa_size-230","22":"product_brand-latvia","24":"first","25":"instock","26":"taxable","27":"shipping-taxable","28":"purchasable","29":"product-type-variable","30":"rtwpvs-product"},"_links":{"self":[{"href":"https:\/\/a-patch.com\/lv\/wp-json\/wp\/v2\/product\/16967","targetHints":{"allow":["GET"]}}],"collection":[{"href":"https:\/\/a-patch.com\/lv\/wp-json\/wp\/v2\/product"}],"about":[{"href":"https:\/\/a-patch.com\/lv\/wp-json\/wp\/v2\/types\/product"}],"replies":[{"embeddable":true,"href":"https:\/\/a-patch.com\/lv\/wp-json\/wp\/v2\/comments?post=16967"}],"wp:featuredmedia":[{"embeddable":true,"href":"https:\/\/a-patch.com\/lv\/wp-json\/wp\/v2\/media\/16971"}],"wp:attachment":[{"href":"https:\/\/a-patch.com\/lv\/wp-json\/wp\/v2\/media?parent=16967"}],"wp:term":[{"taxonomy":"product_cat","embeddable":true,"href":"https:\/\/a-patch.com\/lv\/wp-json\/wp\/v2\/product_cat?post=16967"},{"taxonomy":"product_tag","embeddable":true,"href":"https:\/\/a-patch.com\/lv\/wp-json\/wp\/v2\/product_tag?post=16967"}],"curies":[{"name":"wp","href":"https:\/\/api.w.org\/{rel}","templated":true}]}}