{"id":16895,"date":"2026-03-17T14:05:44","date_gmt":"2026-03-17T12:05:44","guid":{"rendered":"https:\/\/a-patch.com\/?post_type=product&#038;p=16895"},"modified":"2026-03-17T14:52:25","modified_gmt":"2026-03-17T12:52:25","slug":"newtons-cap-5-panel-latvian-beige-edition","status":"publish","type":"product","link":"https:\/\/a-patch.com\/lv\/produkts\/newtons-cap-5-panel-latvian-beige-edition\/","title":{"rendered":"NEWton&#8217;s Cap &#8211; Latvian Beige Edition"},"content":{"rendered":"","protected":false},"excerpt":{"rendered":"<p>Latvie\u0161u cepure, ra\u017eota 100% Latvij\u0101!<\/p>\n<p>Galvenais izmantotais materi\u0101ls ir augst\u0101k\u0101s kvalit\u0101tes gabard\u012bns, kas paz\u012bstams ar savu \u012bpa\u0161o \u012bpa\u0161\u012bbu kombin\u0101ciju \u2013 viegls un pat\u012bkams piesk\u0101riens, bet vienlaikus iztur\u012bgs, praktisks un elpojo\u0161s.<\/p>\n<p class=\"translation-block\">NEWton\u2019s cepure \u2013 klasiska un neapstr\u012bdama k\u0101 pati gravit\u0101cija. Izliekts nadzi\u0146\u0161 un gluda forma pie\u0161\u0137ir izskatu, kas piem\u0113rots gandr\u012bz jebkuram stilam \u2013 gan ikdienai, gan \u012bpa\u0161iem dz\u012bves mirk\u013ciem.<\/p>\n<p>Materi\u0101li:<\/p>\n<table>\n<tbody>\n<tr>\n<td>Pamatmateri\u0101ls<\/td>\n<td class=\"color-square beige\">Gabard\u012bns, 100% poliesters<br \/>\nColor &#8211; Sand Beige<\/td>\n<\/tr>\n<tr>\n<td>Nags<\/td>\n<td class=\"color-square beige\">Gabard\u012bns, 100% poliesters<br \/>\nColor &#8211; Sand Beige<\/td>\n<\/tr>\n<tr>\n<td>Sviedru josla<\/td>\n<td class=\"color-square black\">100% kokvilna<br \/>\nKr\u0101sa \u2013 melna<\/td>\n<\/tr>\n<tr>\n<td colspan=\"2\"><em>L\u016bdzu, \u0146emiet v\u0113r\u0101: produkta kr\u0101sa var at\u0161\u0137irties atkar\u012bb\u0101 no ekr\u0101na iestat\u012bjumiem un apk\u0101rt\u0113j\u0101s apgaismojuma.<\/em><\/td>\n<\/tr>\n<\/tbody>\n<\/table>","protected":false},"featured_media":16897,"comment_status":"open","ping_status":"closed","template":"","meta":[],"product_cat":[303,210,260],"product_tag":[266,235,274,275,262,301],"class_list":{"0":"post-16895","1":"product","2":"type-product","3":"status-publish","4":"has-post-thumbnail","6":"product_cat-sand-beige","7":"product_cat-newtons-cap","8":"product_cat-newtons-cap-custom-design","9":"product_tag-a-patch","10":"product_tag-caps","11":"product_tag-custom","12":"product_tag-latvia","13":"product_tag-newtons","14":"product_tag-sand-beige","15":"pa_color-sand-beige","16":"pa_size-56-5","17":"pa_size-230","18":"product_brand-latvia","20":"first","21":"instock","22":"taxable","23":"shipping-taxable","24":"purchasable","25":"product-type-variable","26":"rtwpvs-product"},"_links":{"self":[{"href":"https:\/\/a-patch.com\/lv\/wp-json\/wp\/v2\/product\/16895","targetHints":{"allow":["GET"]}}],"collection":[{"href":"https:\/\/a-patch.com\/lv\/wp-json\/wp\/v2\/product"}],"about":[{"href":"https:\/\/a-patch.com\/lv\/wp-json\/wp\/v2\/types\/product"}],"replies":[{"embeddable":true,"href":"https:\/\/a-patch.com\/lv\/wp-json\/wp\/v2\/comments?post=16895"}],"wp:featuredmedia":[{"embeddable":true,"href":"https:\/\/a-patch.com\/lv\/wp-json\/wp\/v2\/media\/16897"}],"wp:attachment":[{"href":"https:\/\/a-patch.com\/lv\/wp-json\/wp\/v2\/media?parent=16895"}],"wp:term":[{"taxonomy":"product_cat","embeddable":true,"href":"https:\/\/a-patch.com\/lv\/wp-json\/wp\/v2\/product_cat?post=16895"},{"taxonomy":"product_tag","embeddable":true,"href":"https:\/\/a-patch.com\/lv\/wp-json\/wp\/v2\/product_tag?post=16895"}],"curies":[{"name":"wp","href":"https:\/\/api.w.org\/{rel}","templated":true}]}}