{"id":16879,"date":"2026-03-05T10:22:07","date_gmt":"2026-03-05T08:22:07","guid":{"rendered":"https:\/\/a-patch.com\/?post_type=product&#038;p=16879"},"modified":"2026-03-11T08:47:17","modified_gmt":"2026-03-11T06:47:17","slug":"newtons-cap-super-lacplesis","status":"publish","type":"product","link":"https:\/\/a-patch.com\/lv\/produkts\/newtons-cap-super-lacplesis\/","title":{"rendered":"NEWton&#8217;s Cap &#8211; Super L\u0101\u010dpl\u0113sis"},"content":{"rendered":"","protected":false},"excerpt":{"rendered":"<p data-start=\"149\" data-end=\"249\" class=\"translation-block\">Cepure Super-L\u0101\u010dpl\u0113sis ir sp\u0113c\u012bgs latvie\u0161u eposa un m\u016bsdienu komiksu m\u0101kslas apvienojums.<\/p>\n<p data-start=\"251\" data-end=\"531\">Dizainu iedvesmojis le\u0123end\u0101rais varonis <strong data-start=\"296\" data-end=\"309\">L\u0101\u010dpl\u0113sis<\/strong> \u2014 sp\u0113ka, drosmes un dzimt\u0101s zemes aizsardz\u012bbas simbols. Visa cepures virsma ir p\u0101rkl\u0101ta ar dinamisk\u0101m komiksu stila ain\u0101m: varo\u0146a c\u012b\u0146a, episkas kaujas un pacelts Latvijas karogs.<\/p>\n<p data-start=\"533\" data-end=\"683\" class=\"translation-block\">Bordo kr\u0101sa Latvijas karog\u0101 paliek vien\u012bgais akcents melnbaltaj\u0101 grafik\u0101, padarot dizainu v\u0113l izteiksm\u012bg\u0101ku un sp\u0113c\u012bg\u0101ku.<\/p>\n<p data-start=\"661\" data-end=\"714\">Dizain\u0113ta un ra\u017eota A-Patch Custom Headwear. <strong data-start=\"686\" data-end=\"713\">A-Patch Custom Headwear<\/strong>.<\/p>\n<p class=\"translation-block\">NEWton\u2019s cepure \u2013 klasiska un neapstr\u012bdama k\u0101 pati gravit\u0101cija. Izliekts nadzi\u0146\u0161 un gluda forma pie\u0161\u0137ir izskatu, kas piem\u0113rots gandr\u012bz jebkuram stilam \u2013 gan ikdienai, gan \u012bpa\u0161iem dz\u012bves mirk\u013ciem.<\/p>\n<p>Materi\u0101li:<\/p>\n<table>\n<tbody>\n<tr>\n<td>Pamatmateri\u0101ls<\/td>\n<td class=\"color-square\">Gabard\u012bns, 100% poliesters<br \/>\nColor &#8211; Mohochrome<\/td>\n<\/tr>\n<tr>\n<td>Nags<\/td>\n<td class=\"color-square\">Gabard\u012bns, 100% poliesters<br \/>\nColor &#8211; Mohochrome<\/td>\n<\/tr>\n<tr>\n<td>Oder\u0113jums<\/td>\n<td class=\"color-square\">Gabard\u012bns, 100% poliesters<br \/>\nKr\u0101sa \u2013 melna<\/td>\n<\/tr>\n<tr>\n<td>Sviedru josla<\/td>\n<td class=\"color-square\">100% kokvilna<br \/>\nKr\u0101sa \u2013 melna<\/td>\n<\/tr>\n<tr>\n<td colspan=\"2\"><em>L\u016bdzu, \u0146emiet v\u0113r\u0101: produkta kr\u0101sa var at\u0161\u0137irties atkar\u012bb\u0101 no ekr\u0101na iestat\u012bjumiem un apk\u0101rt\u0113j\u0101s apgaismojuma.<\/em><\/td>\n<\/tr>\n<\/tbody>\n<\/table>","protected":false},"featured_media":16882,"comment_status":"open","ping_status":"closed","template":"","meta":[],"product_cat":[210,260],"product_tag":[266,235,274,249,275,262],"class_list":{"0":"post-16879","1":"product","2":"type-product","3":"status-publish","4":"has-post-thumbnail","6":"product_cat-newtons-cap","7":"product_cat-newtons-cap-custom-design","8":"product_tag-a-patch","9":"product_tag-caps","10":"product_tag-custom","11":"product_tag-inner-lining","12":"product_tag-latvia","13":"product_tag-newtons","14":"pa_color-multicolor","15":"pa_size-56-5","16":"pa_size-230","17":"product_brand-latvia","19":"first","20":"instock","21":"taxable","22":"shipping-taxable","23":"purchasable","24":"product-type-variable","25":"rtwpvs-product"},"_links":{"self":[{"href":"https:\/\/a-patch.com\/lv\/wp-json\/wp\/v2\/product\/16879","targetHints":{"allow":["GET"]}}],"collection":[{"href":"https:\/\/a-patch.com\/lv\/wp-json\/wp\/v2\/product"}],"about":[{"href":"https:\/\/a-patch.com\/lv\/wp-json\/wp\/v2\/types\/product"}],"replies":[{"embeddable":true,"href":"https:\/\/a-patch.com\/lv\/wp-json\/wp\/v2\/comments?post=16879"}],"wp:featuredmedia":[{"embeddable":true,"href":"https:\/\/a-patch.com\/lv\/wp-json\/wp\/v2\/media\/16882"}],"wp:attachment":[{"href":"https:\/\/a-patch.com\/lv\/wp-json\/wp\/v2\/media?parent=16879"}],"wp:term":[{"taxonomy":"product_cat","embeddable":true,"href":"https:\/\/a-patch.com\/lv\/wp-json\/wp\/v2\/product_cat?post=16879"},{"taxonomy":"product_tag","embeddable":true,"href":"https:\/\/a-patch.com\/lv\/wp-json\/wp\/v2\/product_tag?post=16879"}],"curies":[{"name":"wp","href":"https:\/\/api.w.org\/{rel}","templated":true}]}}