{"id":16851,"date":"2026-02-16T09:56:15","date_gmt":"2026-02-16T07:56:15","guid":{"rendered":"https:\/\/a-patch.com\/?post_type=product&#038;p=16851"},"modified":"2026-04-10T10:59:19","modified_gmt":"2026-04-10T07:59:19","slug":"newtons-cap-latvia-hockey-army-warm","status":"publish","type":"product","link":"https:\/\/a-patch.com\/lv\/produkts\/newtons-cap-latvia-hockey-army-warm\/","title":{"rendered":"NEWton&#8217;s Cap &#8211; Latvia Hockey Army Warm"},"content":{"rendered":"","protected":false},"excerpt":{"rendered":"<p>Atjaunot\u0101 le\u0123end\u0101r\u0101 mode\u013ca versija \u2014 tagad ar siltu fl\u012bsa oderi.<\/p>\n<p>Stil\u012bga un funkcion\u0101la cepure bordo kamufl\u0101\u017eas dizain\u0101, rad\u012bta \u012bstiem Latvijas hokeja l\u012bdzjut\u0113jiem. Modelis apvieno izteiksm\u012bgu sportisku raksturu un praktiskumu aukstajai sezonai.<\/p>\n<p>Galvenais izmantotais materi\u0101ls ir augst\u0101k\u0101s kvalit\u0101tes gabard\u012bns, kas paz\u012bstams ar savu \u012bpa\u0161o \u012bpa\u0161\u012bbu kombin\u0101ciju \u2013 viegls un pat\u012bkams piesk\u0101riens, bet vienlaikus iztur\u012bgs, praktisks un elpojo\u0161s.<\/p>\n<p class=\"translation-block\">NEWton\u2019s cepure \u2013 klasiska un neapstr\u012bdama k\u0101 pati gravit\u0101cija. Izliekts nadzi\u0146\u0161 un gluda forma pie\u0161\u0137ir izskatu, kas piem\u0113rots gandr\u012bz jebkuram stilam \u2013 gan ikdienai, gan \u012bpa\u0161iem dz\u012bves mirk\u013ciem.<\/p>\n<p>Materi\u0101li:<\/p>\n<table>\n<tbody>\n<tr>\n<td>Pamatmateri\u0101ls<\/td>\n<td class=\"color-square bordo\">Gabard\u012bns, 100% poliesters<br \/>\nColor &#8211; Bordo Camo<\/td>\n<\/tr>\n<tr>\n<td>Nags<\/td>\n<td class=\"color-square bordo\">Gabard\u012bns, 100% poliesters<br \/>\nColor &#8211; Bordo Camo \/ Latvian Bordo<\/td>\n<\/tr>\n<tr>\n<td>Oder\u0113jums<\/td>\n<td class=\"color-square black\"> Silts fl\u012bss, 100% poliesters<br \/>\nKr\u0101sa \u2013 melna<\/td>\n<\/tr>\n<tr>\n<td>Sviedru josla<\/td>\n<td class=\"color-square black\">100% kokvilna<br \/>\nKr\u0101sa \u2013 melna<\/td>\n<\/tr>\n<tr>\n<td colspan=\"2\"><em>L\u016bdzu, \u0146emiet v\u0113r\u0101: produkta kr\u0101sa var at\u0161\u0137irties atkar\u012bb\u0101 no ekr\u0101na iestat\u012bjumiem un apk\u0101rt\u0113j\u0101s apgaismojuma.<\/em><\/td>\n<\/tr>\n<\/tbody>\n<\/table>","protected":false},"featured_media":16854,"comment_status":"open","ping_status":"closed","template":"","meta":[],"product_cat":[281,210,319,260],"product_tag":[266,282,235,274,283,275,262,320],"class_list":{"0":"post-16851","1":"product","2":"type-product","3":"status-publish","4":"has-post-thumbnail","6":"product_cat-latvian-bordo","7":"product_cat-newtons-cap","8":"product_cat-warm","9":"product_cat-newtons-cap-custom-design","10":"product_tag-a-patch","11":"product_tag-bordo","12":"product_tag-caps","13":"product_tag-custom","14":"product_tag-hockey","15":"product_tag-latvia","16":"product_tag-newtons","17":"product_tag-warm","18":"pa_color-latvian-bordo","19":"pa_color-multicolor","20":"pa_size-230","21":"product_brand-latvia","22":"product_brand-hockey-fan","24":"first","25":"instock","26":"sale","27":"taxable","28":"shipping-taxable","29":"purchasable","30":"product-type-variable","31":"rtwpvs-product"},"_links":{"self":[{"href":"https:\/\/a-patch.com\/lv\/wp-json\/wp\/v2\/product\/16851","targetHints":{"allow":["GET"]}}],"collection":[{"href":"https:\/\/a-patch.com\/lv\/wp-json\/wp\/v2\/product"}],"about":[{"href":"https:\/\/a-patch.com\/lv\/wp-json\/wp\/v2\/types\/product"}],"replies":[{"embeddable":true,"href":"https:\/\/a-patch.com\/lv\/wp-json\/wp\/v2\/comments?post=16851"}],"wp:featuredmedia":[{"embeddable":true,"href":"https:\/\/a-patch.com\/lv\/wp-json\/wp\/v2\/media\/16854"}],"wp:attachment":[{"href":"https:\/\/a-patch.com\/lv\/wp-json\/wp\/v2\/media?parent=16851"}],"wp:term":[{"taxonomy":"product_cat","embeddable":true,"href":"https:\/\/a-patch.com\/lv\/wp-json\/wp\/v2\/product_cat?post=16851"},{"taxonomy":"product_tag","embeddable":true,"href":"https:\/\/a-patch.com\/lv\/wp-json\/wp\/v2\/product_tag?post=16851"}],"curies":[{"name":"wp","href":"https:\/\/api.w.org\/{rel}","templated":true}]}}