{"id":16650,"date":"2026-01-20T17:14:20","date_gmt":"2026-01-20T15:14:20","guid":{"rendered":"https:\/\/a-patch.com\/?post_type=product&#038;p=16650"},"modified":"2026-04-18T09:58:43","modified_gmt":"2026-04-18T06:58:43","slug":"newtons-cap-red-split","status":"publish","type":"product","link":"https:\/\/a-patch.com\/lv\/produkts\/newtons-cap-red-split\/","title":{"rendered":"NEWton&#8217;s Cap &#8211; Red Split"},"content":{"rendered":"","protected":false},"excerpt":{"rendered":"<p data-start=\"170\" data-end=\"376\">M\u016bsdien\u012bga 6 pane\u013cu cepure, kas apvieno drosm\u012bgu dizainu, komfortu un funkcionalit\u0101ti.<br data-start=\"240\" data-end=\"243\" \/>Apr\u012bkota ar divto\u0146u izliekto nadzi\u0146u, prec\u012bzi iz\u0161\u016btu A-Patch logotipu un ar l\u0101zeri grieztiem perfor\u0113tiem aizmugures pane\u013ciem lab\u0101kai gaisa caurlaid\u012bbai.<br \/>\nPapildin\u0101ta ar z\u012bmola deta\u013c\u0101m iek\u0161pus\u0113 un regul\u0113jamu snapback aizdari \u0113rtai un dro\u0161ai piegul\u0161anai.<br \/>\n<strong data-start=\"484\" data-end=\"501\">Galven\u0101s \u012bpa\u0161\u012bbas:<\/strong><\/p>\n<ul data-start=\"502\" data-end=\"659\">\n<li style=\"list-style-type: none;\">\n<ul data-start=\"502\" data-end=\"659\">\n<li data-start=\"502\" data-end=\"531\">\n<p data-start=\"504\" data-end=\"531\">6 pane\u013cu struktur\u0113ta konstrukcija<\/p>\n<\/li>\n<li data-start=\"502\" data-end=\"531\">\n<p data-start=\"504\" data-end=\"531\">Augstas kvalit\u0101tes iz\u0161uvums priek\u0161pus\u0113<\/p>\n<\/li>\n<li data-start=\"502\" data-end=\"531\">\n<p data-start=\"504\" data-end=\"531\">L\u0101zergriezta ventil\u0101cija aizmugur\u0113jos pane\u013cos<\/p>\n<\/li>\n<li data-start=\"502\" data-end=\"531\">\n<p data-start=\"504\" data-end=\"531\">Divkr\u0101su izliekts nadzi\u0146\u0161<\/p>\n<\/li>\n<li data-start=\"502\" data-end=\"531\">\n<p data-start=\"504\" data-end=\"531\">Regul\u0113jama snapback aizdare<\/p>\n<\/li>\n<\/ul>\n<\/li>\n<\/ul>\n<p data-start=\"661\" data-end=\"714\">Dizain\u0113ta un ra\u017eota A-Patch Custom Headwear. <strong data-start=\"686\" data-end=\"713\">A-Patch Custom Headwear<\/strong>.<\/p>\n<p class=\"translation-block\">NEWton\u2019s cepure \u2013 klasiska un neapstr\u012bdama k\u0101 pati gravit\u0101cija. Izliekts nadzi\u0146\u0161 un gluda forma pie\u0161\u0137ir izskatu, kas piem\u0113rots gandr\u012bz jebkuram stilam \u2013 gan ikdienai, gan \u012bpa\u0161iem dz\u012bves mirk\u013ciem.<\/p>\n<p>Materi\u0101li:<\/p>\n<table>\n<tbody>\n<tr>\n<td>Pamatmateri\u0101ls<\/td>\n<td class=\"color-square\">Gabard\u012bns, 100% poliesters<br \/>\nKr\u0101sa \u2013 melna<\/td>\n<\/tr>\n<tr>\n<td>Nags<\/td>\n<td class=\"color-square\">Gabard\u012bns, 100% poliesters<br \/>\nColor &#8211; Jet Black and Imperial Red<\/td>\n<\/tr>\n<tr>\n<td>Oder\u0113jums<\/td>\n<td class=\"color-square\">Gabard\u012bns, 100% poliesters<br \/>\nKr\u0101sa \u2013 imperi\u0101li sarkana<\/td>\n<\/tr>\n<tr>\n<td>Sviedru josla<\/td>\n<td class=\"color-square\">100% kokvilna<br \/>\nKr\u0101sa \u2013 melna<\/td>\n<\/tr>\n<tr>\n<td colspan=\"2\"><em>L\u016bdzu, \u0146emiet v\u0113r\u0101: produkta kr\u0101sa var at\u0161\u0137irties atkar\u012bb\u0101 no ekr\u0101na iestat\u012bjumiem un apk\u0101rt\u0113j\u0101s apgaismojuma.<\/em><\/td>\n<\/tr>\n<\/tbody>\n<\/table>","protected":false},"featured_media":16654,"comment_status":"open","ping_status":"closed","template":"","meta":[],"product_cat":[210,215,260,248,250],"product_tag":[266,235,274,249,262,264],"class_list":{"0":"post-16650","1":"product","2":"type-product","3":"status-publish","4":"has-post-thumbnail","6":"product_cat-newtons-cap","7":"product_cat-newtons-cap-perforated","8":"product_cat-newtons-cap-custom-design","9":"product_cat-imperial-red","10":"product_cat-jet-black","11":"product_tag-a-patch","12":"product_tag-caps","13":"product_tag-custom","14":"product_tag-inner-lining","15":"product_tag-newtons","16":"product_tag-perforated","17":"pa_color-imperial-red","18":"pa_color-jet-black","19":"pa_color-multicolor","20":"pa_size-230","21":"product_brand-a-patch","23":"first","24":"instock","25":"taxable","26":"shipping-taxable","27":"purchasable","28":"product-type-variable","29":"rtwpvs-product"},"_links":{"self":[{"href":"https:\/\/a-patch.com\/lv\/wp-json\/wp\/v2\/product\/16650","targetHints":{"allow":["GET"]}}],"collection":[{"href":"https:\/\/a-patch.com\/lv\/wp-json\/wp\/v2\/product"}],"about":[{"href":"https:\/\/a-patch.com\/lv\/wp-json\/wp\/v2\/types\/product"}],"replies":[{"embeddable":true,"href":"https:\/\/a-patch.com\/lv\/wp-json\/wp\/v2\/comments?post=16650"}],"wp:featuredmedia":[{"embeddable":true,"href":"https:\/\/a-patch.com\/lv\/wp-json\/wp\/v2\/media\/16654"}],"wp:attachment":[{"href":"https:\/\/a-patch.com\/lv\/wp-json\/wp\/v2\/media?parent=16650"}],"wp:term":[{"taxonomy":"product_cat","embeddable":true,"href":"https:\/\/a-patch.com\/lv\/wp-json\/wp\/v2\/product_cat?post=16650"},{"taxonomy":"product_tag","embeddable":true,"href":"https:\/\/a-patch.com\/lv\/wp-json\/wp\/v2\/product_tag?post=16650"}],"curies":[{"name":"wp","href":"https:\/\/api.w.org\/{rel}","templated":true}]}}