{"id":16483,"date":"2025-11-26T13:45:08","date_gmt":"2025-11-26T11:45:08","guid":{"rendered":"https:\/\/a-patch.com\/?post_type=product&#038;p=16483"},"modified":"2026-04-10T14:44:11","modified_gmt":"2026-04-10T11:44:11","slug":"newtons-cap-bertans","status":"publish","type":"product","link":"https:\/\/a-patch.com\/lv\/produkts\/newtons-cap-bertans\/","title":{"rendered":"NEWton&#8217;s Cap &#8211; BERTANS"},"content":{"rendered":"","protected":false},"excerpt":{"rendered":"<p class=\"translation-block\"><strong>KOLEKCIJA<\/strong><br>\nRad\u012bta dzi\u013ci bordo ton\u012b un mar\u0137\u0113ta ar ikonisko 9. numuru, \u0161\u012b cepure iemieso sp\u0113ku, precizit\u0101ti un \u012bsta sp\u0113les noteic\u0113ja lomu. Baltie diegi rada izteiksm\u012bgu kontrastu un nodro\u0161ina asu, t\u012bru un p\u0101rliecino\u0161u apdari.<\/p>\n<p class=\"translation-block\"><strong>ST\u0100STS<\/strong><br>\nBordo simboliz\u0113 intensit\u0101ti un kaisli. 9. numurs \u2013 instinktu un drosmi. Baltie diegi apvieno dizainu, atspogu\u013cojot discipl\u012bnu, domu skaidr\u012bbu un koncentr\u0113\u0161anos, kas nepiecie\u0161ama, lai rad\u012btu mirk\u013cus ar \u012bstu noz\u012bmi.<\/p>\n<p class=\"translation-block\"><strong>IETEKME<\/strong><br>\nVair\u0101k nek\u0101 kolekcijas priek\u0161mets. Tas ir velt\u012bjums nacion\u0101lajam lepnumam, person\u012bgajam st\u0101stam un \u012bpa\u0161ajai saiknei starp sp\u0113l\u0113t\u0101ju un faniem. Atg\u0101din\u0101jums tam, ko noz\u012bm\u0113 p\u0101rst\u0101v\u0113t savu valsti \u2013 gadu no gada.<\/p>\n<p>Galvenais izmantotais materi\u0101ls ir augst\u0101k\u0101s kvalit\u0101tes gabard\u012bns, kas paz\u012bstams ar savu \u012bpa\u0161o \u012bpa\u0161\u012bbu kombin\u0101ciju \u2013 viegls un pat\u012bkams piesk\u0101riens, bet vienlaikus iztur\u012bgs, praktisks un elpojo\u0161s.<\/p>\n<p class=\"translation-block\">NEWton\u2019s cepure \u2013 klasiska un neapstr\u012bdama k\u0101 pati gravit\u0101cija. Izliekts nadzi\u0146\u0161 un gluda forma pie\u0161\u0137ir izskatu, kas piem\u0113rots gandr\u012bz jebkuram stilam \u2013 gan ikdienai, gan \u012bpa\u0161iem dz\u012bves mirk\u013ciem.<\/p>\n<p>Materi\u0101li:<\/p>\n<table>\n<tbody>\n<tr>\n<td>Pamatmateri\u0101ls<\/td>\n<td class=\"color-square bordo\">Gabard\u012bns, 100% poliesters<br \/>\nColor &#8211; Latvian Bordo<\/td>\n<\/tr>\n<tr>\n<td>Nags<\/td>\n<td class=\"color-square bordo\">Gabard\u012bns, 100% poliesters<br \/>\nColor &#8211; Latvian Bordo<\/td>\n<\/tr>\n<tr>\n<td>Oder\u0113jums<\/td>\n<td class=\"color-square multi\">Antibakteri\u0101ls sporta audums, 100% poliesters<br \/>\nKr\u0101sa \u2013 daudzkr\u0101sains<\/td>\n<\/tr>\n<tr>\n<td>Sviedru josla<\/td>\n<td class=\"color-square black\">100% kokvilna<br \/>\nKr\u0101sa \u2013 melna<\/td>\n<\/tr>\n<tr>\n<td colspan=\"2\"><em>L\u016bdzu, \u0146emiet v\u0113r\u0101: produkta kr\u0101sa var at\u0161\u0137irties atkar\u012bb\u0101 no ekr\u0101na iestat\u012bjumiem un apk\u0101rt\u0113j\u0101s apgaismojuma.<\/em><\/td>\n<\/tr>\n<\/tbody>\n<\/table>","protected":false},"featured_media":16500,"comment_status":"open","ping_status":"closed","template":"","meta":[],"product_cat":[281,210,260],"product_tag":[266,282,235,274,249,262],"class_list":{"0":"post-16483","1":"product","2":"type-product","3":"status-publish","4":"has-post-thumbnail","6":"product_cat-latvian-bordo","7":"product_cat-newtons-cap","8":"product_cat-newtons-cap-custom-design","9":"product_tag-a-patch","10":"product_tag-bordo","11":"product_tag-caps","12":"product_tag-custom","13":"product_tag-inner-lining","14":"product_tag-newtons","15":"pa_color-latvian-bordo","16":"pa_color-multicolor","17":"pa_size-230","18":"product_brand-basketball","19":"product_brand-dairis-bertans","21":"first","22":"instock","23":"taxable","24":"shipping-taxable","25":"purchasable","26":"product-type-variable","27":"rtwpvs-product"},"_links":{"self":[{"href":"https:\/\/a-patch.com\/lv\/wp-json\/wp\/v2\/product\/16483","targetHints":{"allow":["GET"]}}],"collection":[{"href":"https:\/\/a-patch.com\/lv\/wp-json\/wp\/v2\/product"}],"about":[{"href":"https:\/\/a-patch.com\/lv\/wp-json\/wp\/v2\/types\/product"}],"replies":[{"embeddable":true,"href":"https:\/\/a-patch.com\/lv\/wp-json\/wp\/v2\/comments?post=16483"}],"wp:featuredmedia":[{"embeddable":true,"href":"https:\/\/a-patch.com\/lv\/wp-json\/wp\/v2\/media\/16500"}],"wp:attachment":[{"href":"https:\/\/a-patch.com\/lv\/wp-json\/wp\/v2\/media?parent=16483"}],"wp:term":[{"taxonomy":"product_cat","embeddable":true,"href":"https:\/\/a-patch.com\/lv\/wp-json\/wp\/v2\/product_cat?post=16483"},{"taxonomy":"product_tag","embeddable":true,"href":"https:\/\/a-patch.com\/lv\/wp-json\/wp\/v2\/product_tag?post=16483"}],"curies":[{"name":"wp","href":"https:\/\/api.w.org\/{rel}","templated":true}]}}