{"id":16424,"date":"2025-11-12T10:56:23","date_gmt":"2025-11-12T08:56:23","guid":{"rendered":"https:\/\/a-patch.com\/?post_type=product&#038;p=16424"},"modified":"2026-04-10T14:42:42","modified_gmt":"2026-04-10T11:42:42","slug":"newtons-cap-leopard","status":"publish","type":"product","link":"https:\/\/a-patch.com\/lv\/produkts\/newtons-cap-leopard\/","title":{"rendered":"NEWton&#8217;s Cap &#8211; Leopard"},"content":{"rendered":"","protected":false},"excerpt":{"rendered":"<p class=\"translation-block\">An elegant cap with a striking leopard pattern \u2014 a perfect balance of character and refined style.<br>\r\nThe contrasting red lining highlights the attention to detail, while the signature A-Patch elements complete the look.<br>\r\nCreated for those who value individuality and craftsmanship in every stitch.<\/p>\n<p>Galvenais izmantotais materi\u0101ls ir augst\u0101k\u0101s kvalit\u0101tes gabard\u012bns, kas paz\u012bstams ar savu \u012bpa\u0161o \u012bpa\u0161\u012bbu kombin\u0101ciju \u2013 viegls un pat\u012bkams piesk\u0101riens, bet vienlaikus iztur\u012bgs, praktisks un elpojo\u0161s.<\/p>\n<p>Iek\u0161\u0113j\u0101 oder\u0113juma audums ir antibakteri\u0101ls sporta materi\u0101ls no It\u0101lijas, kas nodro\u0161ina maksim\u0101lu komfortu valk\u0101\u0161anas laik\u0101.<\/p>\n<p class=\"translation-block\">NEWton\u2019s cepure \u2013 klasiska un neapstr\u012bdama k\u0101 pati gravit\u0101cija. Izliekts nadzi\u0146\u0161 un gluda forma pie\u0161\u0137ir izskatu, kas piem\u0113rots gandr\u012bz jebkuram stilam \u2013 gan ikdienai, gan \u012bpa\u0161iem dz\u012bves mirk\u013ciem.<\/p>\n<p>Materi\u0101li:<\/p>\n<table>\n<tbody>\n<tr>\n<td>Pamatmateri\u0101ls<\/td>\n<td class=\"color-square multi\">Gabard\u012bns, 100% poliesters<br \/>\nKr\u0101sa \u2013 daudzkr\u0101sains<\/td>\n<\/tr>\n<tr>\n<td>Nags<\/td>\n<td class=\"color-square multi\">Gabard\u012bns, 100% poliesters<br \/>\nKr\u0101sa \u2013 daudzkr\u0101sains<\/td>\n<\/tr>\n<tr>\n<td>Oder\u0113jums<\/td>\n<td class=\"color-square multi\">Gabard\u012bns, 100% poliesters<br \/>\nKr\u0101sa \u2013 daudzkr\u0101sains<\/td>\n<\/tr>\n<tr>\n<td>Sviedru josla<\/td>\n<td class=\"color-square black\">100% kokvilna<br \/>\nKr\u0101sa \u2013 melna<\/td>\n<\/tr>\n<tr>\n<td colspan=\"2\"><em>L\u016bdzu, \u0146emiet v\u0113r\u0101: produkta kr\u0101sa var at\u0161\u0137irties atkar\u012bb\u0101 no ekr\u0101na iestat\u012bjumiem un apk\u0101rt\u0113j\u0101s apgaismojuma.<\/em><\/td>\n<\/tr>\n<\/tbody>\n<\/table>","protected":false},"featured_media":16428,"comment_status":"closed","ping_status":"closed","template":"","meta":[],"product_cat":[288,210,260],"product_tag":[235,290,262],"class_list":{"0":"post-16424","1":"product","2":"type-product","3":"status-publish","4":"has-post-thumbnail","6":"product_cat-multicolor","7":"product_cat-newtons-cap","8":"product_cat-newtons-cap-custom-design","9":"product_tag-caps","10":"product_tag-multicolor","11":"product_tag-newtons","12":"pa_color-multicolor","13":"pa_size-56-5","14":"pa_size-230","15":"product_brand-essential","16":"product_brand-a-patch","18":"first","19":"instock","20":"taxable","21":"shipping-taxable","22":"purchasable","23":"product-type-variable","24":"rtwpvs-product"},"_links":{"self":[{"href":"https:\/\/a-patch.com\/lv\/wp-json\/wp\/v2\/product\/16424","targetHints":{"allow":["GET"]}}],"collection":[{"href":"https:\/\/a-patch.com\/lv\/wp-json\/wp\/v2\/product"}],"about":[{"href":"https:\/\/a-patch.com\/lv\/wp-json\/wp\/v2\/types\/product"}],"replies":[{"embeddable":true,"href":"https:\/\/a-patch.com\/lv\/wp-json\/wp\/v2\/comments?post=16424"}],"wp:featuredmedia":[{"embeddable":true,"href":"https:\/\/a-patch.com\/lv\/wp-json\/wp\/v2\/media\/16428"}],"wp:attachment":[{"href":"https:\/\/a-patch.com\/lv\/wp-json\/wp\/v2\/media?parent=16424"}],"wp:term":[{"taxonomy":"product_cat","embeddable":true,"href":"https:\/\/a-patch.com\/lv\/wp-json\/wp\/v2\/product_cat?post=16424"},{"taxonomy":"product_tag","embeddable":true,"href":"https:\/\/a-patch.com\/lv\/wp-json\/wp\/v2\/product_tag?post=16424"}],"curies":[{"name":"wp","href":"https:\/\/api.w.org\/{rel}","templated":true}]}}