{"id":16394,"date":"2025-11-05T11:51:02","date_gmt":"2025-11-05T09:51:02","guid":{"rendered":"https:\/\/a-patch.com\/?post_type=product&#038;p=16394"},"modified":"2026-03-02T12:21:21","modified_gmt":"2026-03-02T10:21:21","slug":"newtons-warm-olive-haki-2","status":"publish","type":"product","link":"https:\/\/a-patch.com\/lv\/produkts\/newtons-warm-olive-haki-2\/","title":{"rendered":"NEWton`s &#8211; Warm Olive Haki"},"content":{"rendered":"","protected":false},"excerpt":{"rendered":"<p>Warm cap<\/p>\n<p>Galvenais izmantotais materi\u0101ls ir augst\u0101k\u0101s kvalit\u0101tes gabard\u012bns, kas paz\u012bstams ar savu \u012bpa\u0161o \u012bpa\u0161\u012bbu kombin\u0101ciju \u2013 viegls un pat\u012bkams piesk\u0101riens, bet vienlaikus iztur\u012bgs, praktisks un elpojo\u0161s.<\/p>\n<p>Iek\u0161\u0113j\u0101 odere izgatavota no augst\u0101k\u0101s kvalit\u0101tes fl\u012bsa, kas nodro\u0161ina maksim\u0101lu komfortu aukst\u0101 laik\u0101.<\/p>\n<p class=\"translation-block\">NEWton\u2019s cepure \u2013 klasiska un neapstr\u012bdama k\u0101 pati gravit\u0101cija. Izliekts nadzi\u0146\u0161 un gluda forma pie\u0161\u0137ir izskatu, kas piem\u0113rots gandr\u012bz jebkuram stilam \u2013 gan ikdienai, gan \u012bpa\u0161iem dz\u012bves mirk\u013ciem.<\/p>\n<p>Materi\u0101li:<\/p>\n<table>\n<tbody>\n<tr>\n<th rowspan=\"2\">Pamatmateri\u0101ls<\/th>\n<td class=\"color-square olive\">Priek\u0161puse<br \/>\nGabard\u012bns, 100% poliesters<br \/>\nColor &#8211; Olive Haki<\/td>\n<\/tr>\n<tr>\n<td class=\"color-square olive\">Aizmugures da\u013ca<br \/>\nGabard\u012bns, 100% poliesters<br \/>\nColor &#8211; Olive Haki<\/td>\n<\/tr>\n<tr>\n<th>Nags<\/th>\n<td class=\"color-square olive\">Gabard\u012bns, 100% poliesters<br \/>\nColor &#8211; Olive Haki<\/td>\n<\/tr>\n<tr>\n<th>Oder\u0113jums<\/th>\n<td class=\"color-square black\">\u00a0Silts fl\u012bss, 100% poliesters<br \/>\nKr\u0101sa \u2013 melna<\/td>\n<\/tr>\n<tr>\n<th>Sviedru josla<\/th>\n<td class=\"color-square black\">100% kokvilna<br \/>\nKr\u0101sa \u2013 melna<\/td>\n<\/tr>\n<tr>\n<td colspan=\"2\"><em>L\u016bdzu, \u0146emiet v\u0113r\u0101: produkta kr\u0101sa var at\u0161\u0137irties atkar\u012bb\u0101 no ekr\u0101na iestat\u012bjumiem un apk\u0101rt\u0113j\u0101s apgaismojuma.<\/em><\/td>\n<\/tr>\n<\/tbody>\n<\/table>","protected":false},"featured_media":16345,"comment_status":"closed","ping_status":"closed","template":"","meta":[],"product_cat":[284,210,213,319],"product_tag":[266,274,262,285,320],"class_list":{"0":"post-16394","1":"product","2":"type-product","3":"status-publish","4":"has-post-thumbnail","6":"product_cat-olive-haki","7":"product_cat-newtons-cap","8":"product_cat-newtons-cap-adjustable","9":"product_cat-warm","10":"product_tag-a-patch","11":"product_tag-custom","12":"product_tag-newtons","13":"product_tag-olive-haki","14":"product_tag-warm","15":"pa_color-olive","16":"pa_size-56-5","17":"pa_size-230","18":"pa_size-245","20":"first","21":"instock","22":"sale","23":"taxable","24":"shipping-taxable","25":"purchasable","26":"product-type-variable","27":"rtwpvs-product"},"_links":{"self":[{"href":"https:\/\/a-patch.com\/lv\/wp-json\/wp\/v2\/product\/16394","targetHints":{"allow":["GET"]}}],"collection":[{"href":"https:\/\/a-patch.com\/lv\/wp-json\/wp\/v2\/product"}],"about":[{"href":"https:\/\/a-patch.com\/lv\/wp-json\/wp\/v2\/types\/product"}],"replies":[{"embeddable":true,"href":"https:\/\/a-patch.com\/lv\/wp-json\/wp\/v2\/comments?post=16394"}],"wp:featuredmedia":[{"embeddable":true,"href":"https:\/\/a-patch.com\/lv\/wp-json\/wp\/v2\/media\/16345"}],"wp:attachment":[{"href":"https:\/\/a-patch.com\/lv\/wp-json\/wp\/v2\/media?parent=16394"}],"wp:term":[{"taxonomy":"product_cat","embeddable":true,"href":"https:\/\/a-patch.com\/lv\/wp-json\/wp\/v2\/product_cat?post=16394"},{"taxonomy":"product_tag","embeddable":true,"href":"https:\/\/a-patch.com\/lv\/wp-json\/wp\/v2\/product_tag?post=16394"}],"curies":[{"name":"wp","href":"https:\/\/api.w.org\/{rel}","templated":true}]}}