{"id":16378,"date":"2025-11-05T11:36:42","date_gmt":"2025-11-05T09:36:42","guid":{"rendered":"https:\/\/a-patch.com\/?post_type=product&#038;p=16378"},"modified":"2026-03-02T12:19:03","modified_gmt":"2026-03-02T10:19:03","slug":"darwins-warm-bordo","status":"publish","type":"product","link":"https:\/\/a-patch.com\/lv\/produkts\/darwins-warm-bordo\/","title":{"rendered":"DarWIN&#8217;s &#8211; Warm Bordo"},"content":{"rendered":"","protected":false},"excerpt":{"rendered":"<p>Warm cap<\/p>\n<p>Galvenais izmantotais materi\u0101ls ir augst\u0101k\u0101s kvalit\u0101tes gabard\u012bns, kas paz\u012bstams ar savu \u012bpa\u0161o \u012bpa\u0161\u012bbu kombin\u0101ciju \u2013 viegls un pat\u012bkams piesk\u0101riens, bet vienlaikus iztur\u012bgs, praktisks un elpojo\u0161s.<\/p>\n<p>Iek\u0161\u0113j\u0101 odere izgatavota no augst\u0101k\u0101s kvalit\u0101tes fl\u012bsa, kas nodro\u0161ina maksim\u0101lu komfortu aukst\u0101 laik\u0101.<\/p>\n<p>DarWIN`s cepure \u2013 taisns nags un kro\u0146a forma \u2013 uzvar\u0113t\u0101ja stils. Le\u0123endas nepiedzimst, t\u0101s aug caur evol\u016bciju. Stils, kas piest\u0101v gan ikdienas t\u0113lam, gan biznesa kost\u012bmam.<\/p>\n<p>Materi\u0101li:<\/p>\n<table>\n<tbody>\n<tr>\n<td>Pamatmateri\u0101ls<\/td>\n<td class=\"color-square bordo\">Gabard\u012bns, 100% poliesters<br \/>\nColor &#8211; Latvian Bordo<\/td>\n<\/tr>\n<tr>\n<td>Nags<\/td>\n<td class=\"color-square bordo\">Gabard\u012bns, 100% poliesters<br \/>\nColor &#8211; Latvian Bordo<\/td>\n<\/tr>\n<tr>\n<th>Oder\u0113jums<\/th>\n<td class=\"color-square black\">\u00a0Silts fl\u012bss, 100% poliesters<br \/>\nKr\u0101sa \u2013 melna<\/td>\n<\/tr>\n<tr>\n<td>Sviedru josla<\/td>\n<td class=\"color-square black\">100% kokvilna<br \/>\nKr\u0101sa \u2013 melna<\/td>\n<\/tr>\n<tr>\n<td colspan=\"2\"><em>L\u016bdzu, \u0146emiet v\u0113r\u0101: produkta kr\u0101sa var at\u0161\u0137irties atkar\u012bb\u0101 no ekr\u0101na iestat\u012bjumiem un apk\u0101rt\u0113j\u0101s apgaismojuma.<\/em><\/td>\n<\/tr>\n<\/tbody>\n<\/table>","protected":false},"featured_media":16391,"comment_status":"closed","ping_status":"closed","template":"","meta":[],"product_cat":[326,281,216,222,219],"product_tag":[266,282,274,236,320],"class_list":{"0":"post-16378","1":"product","2":"type-product","3":"status-publish","4":"has-post-thumbnail","6":"product_cat-warm-darwins-cap","7":"product_cat-latvian-bordo","8":"product_cat-darwins-cap","9":"product_cat-darwins-cap-single-tone","10":"product_cat-darwins-cap-adjustable","11":"product_tag-a-patch","12":"product_tag-bordo","13":"product_tag-custom","14":"product_tag-darwins","15":"product_tag-warm","16":"pa_color-latvian-bordo","17":"pa_size-56-5","18":"pa_size-230","19":"pa_size-245","21":"first","22":"instock","23":"sale","24":"taxable","25":"shipping-taxable","26":"purchasable","27":"product-type-variable","28":"rtwpvs-product"},"_links":{"self":[{"href":"https:\/\/a-patch.com\/lv\/wp-json\/wp\/v2\/product\/16378","targetHints":{"allow":["GET"]}}],"collection":[{"href":"https:\/\/a-patch.com\/lv\/wp-json\/wp\/v2\/product"}],"about":[{"href":"https:\/\/a-patch.com\/lv\/wp-json\/wp\/v2\/types\/product"}],"replies":[{"embeddable":true,"href":"https:\/\/a-patch.com\/lv\/wp-json\/wp\/v2\/comments?post=16378"}],"wp:featuredmedia":[{"embeddable":true,"href":"https:\/\/a-patch.com\/lv\/wp-json\/wp\/v2\/media\/16391"}],"wp:attachment":[{"href":"https:\/\/a-patch.com\/lv\/wp-json\/wp\/v2\/media?parent=16378"}],"wp:term":[{"taxonomy":"product_cat","embeddable":true,"href":"https:\/\/a-patch.com\/lv\/wp-json\/wp\/v2\/product_cat?post=16378"},{"taxonomy":"product_tag","embeddable":true,"href":"https:\/\/a-patch.com\/lv\/wp-json\/wp\/v2\/product_tag?post=16378"}],"curies":[{"name":"wp","href":"https:\/\/api.w.org\/{rel}","templated":true}]}}