{"id":16278,"date":"2025-10-15T15:56:13","date_gmt":"2025-10-15T12:56:13","guid":{"rendered":"https:\/\/a-patch.com\/?post_type=product&#038;p=16278"},"modified":"2026-05-02T20:31:23","modified_gmt":"2026-05-02T17:31:23","slug":"newtons-cap-5-panel-latvia-black-and-red-edition","status":"publish","type":"product","link":"https:\/\/a-patch.com\/lv\/produkts\/newtons-cap-5-panel-latvia-black-and-red-edition\/","title":{"rendered":"NEWton&#8217;s Cap 5 Panel &#8211; Latvia Black and Red Edition"},"content":{"rendered":"","protected":false},"excerpt":{"rendered":"<p>Latvie\u0161u cepure, ra\u017eota 100% Latvij\u0101!<\/p>\n<p>Cepure ar Latvijas simboliku. Priek\u0161pus\u0113 \u2013 Latvijas kartes 3D iz\u0161uvums. Iek\u0161\u0113j\u0101 odere ar Latvijas nacion\u0101lajiem simboliem karoga kr\u0101s\u0101s.<\/p>\n<p>Galvenais izmantotais materi\u0101ls ir augst\u0101k\u0101s kvalit\u0101tes gabard\u012bns, kas paz\u012bstams ar savu \u012bpa\u0161o \u012bpa\u0161\u012bbu kombin\u0101ciju \u2013 viegls un pat\u012bkams piesk\u0101riens, bet vienlaikus iztur\u012bgs, praktisks un elpojo\u0161s.<\/p>\n<p>Iek\u0161\u0113j\u0101 oder\u0113juma audums ir antibakteri\u0101ls sporta materi\u0101ls no It\u0101lijas, kas nodro\u0161ina maksim\u0101lu komfortu valk\u0101\u0161anas laik\u0101.<\/p>\n<p class=\"translation-block\">NEWton\u2019s cepure \u2013 klasiska un neapstr\u012bdama k\u0101 pati gravit\u0101cija. Izliekts nadzi\u0146\u0161 un gluda forma pie\u0161\u0137ir izskatu, kas piem\u0113rots gandr\u012bz jebkuram stilam \u2013 gan ikdienai, gan \u012bpa\u0161iem dz\u012bves mirk\u013ciem.<\/p>\n<p>Materi\u0101li:<\/p>\n<table>\n<tbody>\n<tr>\n<td>Pamatmateri\u0101ls<\/td>\n<td class=\"color-square black\">Gabard\u012bns, 100% poliesters<br \/>\nKr\u0101sa \u2013 melna<\/td>\n<\/tr>\n<tr>\n<td>Nags<\/td>\n<td class=\"color-square black\">Gabard\u012bns, 100% poliesters<br \/>\nKr\u0101sa \u2013 melna<\/td>\n<\/tr>\n<tr>\n<td>Oder\u0113jums<\/td>\n<td class=\"color-square multi\">\u00a0Antibakteri\u0101ls sporta audums, 100% poliesters<br \/>\nKr\u0101sa \u2013 daudzkr\u0101sains<\/td>\n<\/tr>\n<tr>\n<td>Sviedru josla<\/td>\n<td class=\"color-square black\">100% kokvilna<br \/>\nKr\u0101sa \u2013 melna<\/td>\n<\/tr>\n<tr>\n<td colspan=\"2\"><em>L\u016bdzu, \u0146emiet v\u0113r\u0101: produkta kr\u0101sa var at\u0161\u0137irties atkar\u012bb\u0101 no ekr\u0101na iestat\u012bjumiem un apk\u0101rt\u0113j\u0101s apgaismojuma.<\/em><\/td>\n<\/tr>\n<\/tbody>\n<\/table>","protected":false},"featured_media":16273,"comment_status":"open","ping_status":"closed","template":"","meta":[],"product_cat":[288,210,260,250],"product_tag":[266,235,274,249,251,275,262],"class_list":{"0":"post-16278","1":"product","2":"type-product","3":"status-publish","4":"has-post-thumbnail","6":"product_cat-multicolor","7":"product_cat-newtons-cap","8":"product_cat-newtons-cap-custom-design","9":"product_cat-jet-black","10":"product_tag-a-patch","11":"product_tag-caps","12":"product_tag-custom","13":"product_tag-inner-lining","14":"product_tag-jet-black","15":"product_tag-latvia","16":"product_tag-newtons","17":"pa_color-jet-black","18":"pa_color-multicolor","19":"pa_size-56-5","20":"pa_size-230","21":"product_brand-latvia","23":"first","24":"instock","25":"taxable","26":"shipping-taxable","27":"purchasable","28":"product-type-variable","29":"rtwpvs-product"},"_links":{"self":[{"href":"https:\/\/a-patch.com\/lv\/wp-json\/wp\/v2\/product\/16278","targetHints":{"allow":["GET"]}}],"collection":[{"href":"https:\/\/a-patch.com\/lv\/wp-json\/wp\/v2\/product"}],"about":[{"href":"https:\/\/a-patch.com\/lv\/wp-json\/wp\/v2\/types\/product"}],"replies":[{"embeddable":true,"href":"https:\/\/a-patch.com\/lv\/wp-json\/wp\/v2\/comments?post=16278"}],"wp:featuredmedia":[{"embeddable":true,"href":"https:\/\/a-patch.com\/lv\/wp-json\/wp\/v2\/media\/16273"}],"wp:attachment":[{"href":"https:\/\/a-patch.com\/lv\/wp-json\/wp\/v2\/media?parent=16278"}],"wp:term":[{"taxonomy":"product_cat","embeddable":true,"href":"https:\/\/a-patch.com\/lv\/wp-json\/wp\/v2\/product_cat?post=16278"},{"taxonomy":"product_tag","embeddable":true,"href":"https:\/\/a-patch.com\/lv\/wp-json\/wp\/v2\/product_tag?post=16278"}],"curies":[{"name":"wp","href":"https:\/\/api.w.org\/{rel}","templated":true}]}}