{"id":16258,"date":"2025-10-13T12:26:34","date_gmt":"2025-10-13T09:26:34","guid":{"rendered":"https:\/\/a-patch.com\/?post_type=product&#038;p=16258"},"modified":"2026-04-10T18:40:49","modified_gmt":"2026-04-10T15:40:49","slug":"newtons-cap-color-splash","status":"publish","type":"product","link":"https:\/\/a-patch.com\/lv\/produkts\/newtons-cap-color-splash\/","title":{"rendered":"NEWton&#8217;s Cap &#8211; Color Splash"},"content":{"rendered":"","protected":false},"excerpt":{"rendered":"<p>NEWton`s Color Splash cepure ir apdruk\u0101ta ar spilgtu sublim\u0101cijas dizainu gan no \u0101rpuses, gan no iek\u0161puses, padarot to patiesi izteiksm\u012bgu un unik\u0101lu. Visas pane\u013ci un nagu\u013ca da\u013ca kl\u0101tas ar intens\u012bvu m\u0101ksliniecisku rakstu, bet iek\u0161pus\u0113 \u2014 abstrakts sarkani-melns dizains ar A\u2011Patch lent\u0113m.<\/p>\n<p>\u0160\u016bta ar fluoresc\u0113jo\u0161\u0101m diegiem, kas spo\u017ei sp\u012bd UV gaism\u0101 \u2014 ide\u0101la izv\u0113le ball\u012bt\u0113m, skatuvei vai drosm\u012bgam ielas stilam.<\/p>\n<p>Galvenais izmantotais materi\u0101ls ir augst\u0101k\u0101s kvalit\u0101tes gabard\u012bns, kas paz\u012bstams ar savu \u012bpa\u0161o \u012bpa\u0161\u012bbu kombin\u0101ciju \u2013 viegls un pat\u012bkams piesk\u0101riens, bet vienlaikus iztur\u012bgs, praktisks un elpojo\u0161s.<\/p>\n<p>Iek\u0161\u0113j\u0101 oder\u0113juma audums ir antibakteri\u0101ls sporta materi\u0101ls no It\u0101lijas, kas nodro\u0161ina maksim\u0101lu komfortu valk\u0101\u0161anas laik\u0101.<\/p>\n<p class=\"translation-block\">NEWton\u2019s cepure \u2013 klasiska un neapstr\u012bdama k\u0101 pati gravit\u0101cija. Izliekts nadzi\u0146\u0161 un gluda forma pie\u0161\u0137ir izskatu, kas piem\u0113rots gandr\u012bz jebkuram stilam \u2013 gan ikdienai, gan \u012bpa\u0161iem dz\u012bves mirk\u013ciem.<\/p>\n<p>Materi\u0101li:<\/p>\n<table>\n<tbody>\n<tr>\n<td>Pamatmateri\u0101ls<\/td>\n<td class=\"color-square multi\">Gabard\u012bns, 100% poliesters<br \/>\nKr\u0101sa \u2013 daudzkr\u0101sains<\/td>\n<\/tr>\n<tr>\n<td>Nags<\/td>\n<td class=\"color-square multi\">Gabard\u012bns, 100% poliesters<br \/>\nKr\u0101sa \u2013 daudzkr\u0101sains<\/td>\n<\/tr>\n<tr>\n<td>Oder\u0113jums<\/td>\n<td class=\"color-square multi\">Antibakteri\u0101ls sporta audums, 100% poliesters<br \/>\nKr\u0101sa \u2013 daudzkr\u0101sains<\/td>\n<\/tr>\n<tr>\n<td>Sviedru josla<\/td>\n<td class=\"color-square black\">100% kokvilna<br \/>\nKr\u0101sa \u2013 melna<\/td>\n<\/tr>\n<tr>\n<td colspan=\"2\"><em>L\u016bdzu, \u0146emiet v\u0113r\u0101: produkta kr\u0101sa var at\u0161\u0137irties atkar\u012bb\u0101 no ekr\u0101na iestat\u012bjumiem un apk\u0101rt\u0113j\u0101s apgaismojuma.<\/em><\/td>\n<\/tr>\n<\/tbody>\n<\/table>","protected":false},"featured_media":16260,"comment_status":"closed","ping_status":"closed","template":"","meta":[],"product_cat":[288,210,260],"product_tag":[235,290,262],"class_list":{"0":"post-16258","1":"product","2":"type-product","3":"status-publish","4":"has-post-thumbnail","6":"product_cat-multicolor","7":"product_cat-newtons-cap","8":"product_cat-newtons-cap-custom-design","9":"product_tag-caps","10":"product_tag-multicolor","11":"product_tag-newtons","12":"pa_color-multicolor","13":"pa_size-56-5","14":"pa_size-230","15":"product_brand-a-patch","17":"first","18":"instock","19":"taxable","20":"shipping-taxable","21":"purchasable","22":"product-type-variable","23":"rtwpvs-product"},"_links":{"self":[{"href":"https:\/\/a-patch.com\/lv\/wp-json\/wp\/v2\/product\/16258","targetHints":{"allow":["GET"]}}],"collection":[{"href":"https:\/\/a-patch.com\/lv\/wp-json\/wp\/v2\/product"}],"about":[{"href":"https:\/\/a-patch.com\/lv\/wp-json\/wp\/v2\/types\/product"}],"replies":[{"embeddable":true,"href":"https:\/\/a-patch.com\/lv\/wp-json\/wp\/v2\/comments?post=16258"}],"wp:featuredmedia":[{"embeddable":true,"href":"https:\/\/a-patch.com\/lv\/wp-json\/wp\/v2\/media\/16260"}],"wp:attachment":[{"href":"https:\/\/a-patch.com\/lv\/wp-json\/wp\/v2\/media?parent=16258"}],"wp:term":[{"taxonomy":"product_cat","embeddable":true,"href":"https:\/\/a-patch.com\/lv\/wp-json\/wp\/v2\/product_cat?post=16258"},{"taxonomy":"product_tag","embeddable":true,"href":"https:\/\/a-patch.com\/lv\/wp-json\/wp\/v2\/product_tag?post=16258"}],"curies":[{"name":"wp","href":"https:\/\/api.w.org\/{rel}","templated":true}]}}