{"id":16142,"date":"2025-10-07T16:44:12","date_gmt":"2025-10-07T13:44:12","guid":{"rendered":"https:\/\/a-patch.com\/?post_type=product&#038;p=16142"},"modified":"2026-02-16T12:50:34","modified_gmt":"2026-02-16T10:50:34","slug":"team-sobol-newtons-perforated-beige-and-jet-black","status":"publish","type":"product","link":"https:\/\/a-patch.com\/lv\/produkts\/team-sobol-newtons-perforated-beige-and-jet-black\/","title":{"rendered":"Team Sobol \u2013 Newton`s PERFORATED Beige AND JET BLACK"},"content":{"rendered":"","protected":false},"excerpt":{"rendered":"<p>Bohdan Sobol ir profesion\u0101ls bokseris vid\u0113j\u0101 svara kategorij\u0101 no Ukrainas, kur\u0161 dz\u012bvo un tren\u0113jas R\u012bg\u0101, Latvij\u0101. Vi\u0146\u0161 dzimis 1999. gada 12. oktobr\u012b. Sobols ir paz\u012bstams ar agres\u012bvu stilu un lielu uzvaru skaitu ar nokautu. Vi\u0146a kont\u0101 ir vair\u0101k nek\u0101 18 uzvaru, liel\u0101k\u0101 da\u013ca no t\u0101m \u2014 priek\u0161laic\u012bgi. Vi\u0146\u0161 ir aizst\u0101v\u0113jis IBA starpkontinent\u0101los titulus un sevi pier\u0101d\u012bjis k\u0101 vienu no daudzsolo\u0161\u0101kajiem Austrumeiropas bokseriem.<\/p>\n<p>Galvenais izmantotais materi\u0101ls ir augst\u0101k\u0101s kvalit\u0101tes gabard\u012bns, kas paz\u012bstams ar savu \u012bpa\u0161o \u012bpa\u0161\u012bbu kombin\u0101ciju \u2013 viegls un pat\u012bkams piesk\u0101riens, bet vienlaikus iztur\u012bgs, praktisks un elpojo\u0161s.<\/p>\n<p class=\"translation-block\">NEWton\u2019s cepure \u2013 klasiska un neapstr\u012bdama k\u0101 pati gravit\u0101cija. Izliekts nadzi\u0146\u0161 un gluda forma pie\u0161\u0137ir izskatu, kas piem\u0113rots gandr\u012bz jebkuram stilam \u2013 gan ikdienai, gan \u012bpa\u0161iem dz\u012bves mirk\u013ciem.<\/p>\n<p>Materi\u0101li:<\/p>\n<table>\n<tbody>\n<tr>\n<th rowspan=\"2\">Pamatmateri\u0101ls<\/th>\n<td class=\"color-square beige\">Priek\u0161puse<br \/>\nGabard\u012bns, 100% poliesters<br \/>\nColor &#8211; Sand Beige<\/td>\n<\/tr>\n<tr>\n<td class=\"color-square black\">Aizmugures da\u013ca<br \/>\nGabard\u012bns, 100% poliesters<br \/>\nKr\u0101sa \u2013 melna<\/td>\n<\/tr>\n<tr>\n<th>Nags<\/th>\n<td class=\"color-square beige\">Gabard\u012bns, 100% poliesters<br \/>\nColor &#8211; Sand Beige<\/td>\n<\/tr>\n<tr>\n<th>Sviedru josla<\/th>\n<td class=\"color-square black\">100% kokvilna<br \/>\nKr\u0101sa \u2013 melna<\/td>\n<\/tr>\n<tr>\n<td colspan=\"2\"><em>L\u016bdzu, \u0146emiet v\u0113r\u0101: produkta kr\u0101sa var at\u0161\u0137irties atkar\u012bb\u0101 no ekr\u0101na iestat\u012bjumiem un apk\u0101rt\u0113j\u0101s apgaismojuma.<\/em><\/td>\n<\/tr>\n<\/tbody>\n<\/table>","protected":false},"featured_media":16128,"comment_status":"closed","ping_status":"closed","template":"","meta":[],"product_cat":[303,210,214,215,250],"product_tag":[235,251,262,264,301,318],"class_list":{"0":"post-16142","1":"product","2":"type-product","3":"status-publish","4":"has-post-thumbnail","6":"product_cat-sand-beige","7":"product_cat-newtons-cap","8":"product_cat-newtons-cap-dual-tone","9":"product_cat-newtons-cap-perforated","10":"product_cat-jet-black","11":"product_tag-caps","12":"product_tag-jet-black","13":"product_tag-newtons","14":"product_tag-perforated","15":"product_tag-sand-beige","16":"product_tag-team-sobol","17":"pa_color-sand-beige","18":"pa_color-jet-black","19":"pa_size-230","20":"product_brand-fight-club","21":"product_brand-team-sobol","23":"first","24":"instock","25":"taxable","26":"shipping-taxable","27":"purchasable","28":"product-type-variable","29":"rtwpvs-product"},"_links":{"self":[{"href":"https:\/\/a-patch.com\/lv\/wp-json\/wp\/v2\/product\/16142","targetHints":{"allow":["GET"]}}],"collection":[{"href":"https:\/\/a-patch.com\/lv\/wp-json\/wp\/v2\/product"}],"about":[{"href":"https:\/\/a-patch.com\/lv\/wp-json\/wp\/v2\/types\/product"}],"replies":[{"embeddable":true,"href":"https:\/\/a-patch.com\/lv\/wp-json\/wp\/v2\/comments?post=16142"}],"wp:featuredmedia":[{"embeddable":true,"href":"https:\/\/a-patch.com\/lv\/wp-json\/wp\/v2\/media\/16128"}],"wp:attachment":[{"href":"https:\/\/a-patch.com\/lv\/wp-json\/wp\/v2\/media?parent=16142"}],"wp:term":[{"taxonomy":"product_cat","embeddable":true,"href":"https:\/\/a-patch.com\/lv\/wp-json\/wp\/v2\/product_cat?post=16142"},{"taxonomy":"product_tag","embeddable":true,"href":"https:\/\/a-patch.com\/lv\/wp-json\/wp\/v2\/product_tag?post=16142"}],"curies":[{"name":"wp","href":"https:\/\/api.w.org\/{rel}","templated":true}]}}