{"id":16052,"date":"2025-08-27T15:08:15","date_gmt":"2025-08-27T12:08:15","guid":{"rendered":"https:\/\/a-patch.com\/?post_type=product&#038;p=16052"},"modified":"2025-10-10T13:31:56","modified_gmt":"2025-10-10T10:31:56","slug":"a-patch-keyring-green","status":"publish","type":"product","link":"https:\/\/a-patch.com\/lv\/produkts\/a-patch-keyring-green\/","title":{"rendered":"A-Patch &#8211; Keyring Green"},"content":{"rendered":"","protected":false},"excerpt":{"rendered":"<p class=\"translation-block\"><strong data-start=\"87\" data-end=\"107\">A-Patch atsl\u0113gu piekari\u0146\u0161<\/strong><br data-start=\"107\" data-end=\"110\">Stil\u012bgs un iztur\u012bgs auduma atsl\u0113gu piekari\u0146\u0161 ar iz\u0161\u016btu <strong data-start=\"169\" data-end=\"180\">A-Patch<\/strong> logotipu.<br data-start=\"186\" data-end=\"189\">Apdarin\u0101ts ar apmali un iztur\u012bgu met\u0101la gredzenu \u2014 lielisks aksesu\u0101rs j\u016bsu atsl\u0113g\u0101m, mugursomai vai somai.<\/p>\n<p><strong data-start=\"396\" data-end=\"405\">Izm\u0113rs<\/strong> 9 \u00d7 3 cm<br data-start=\"414\" data-end=\"417\" \/><strong data-start=\"417\" data-end=\"430\">Materi\u0101ls:<\/strong> Tekstils, met\u0101ls<\/p>","protected":false},"featured_media":16037,"comment_status":"closed","ping_status":"closed","template":"","meta":[],"product_cat":[307,306],"product_tag":[309],"class_list":{"0":"post-16052","1":"product","2":"type-product","3":"status-publish","4":"has-post-thumbnail","6":"product_cat-accessories","7":"product_cat-keyrings","8":"product_tag-keyrings","9":"product_brand-a-patch","11":"first","12":"instock","13":"taxable","14":"shipping-taxable","15":"purchasable","16":"product-type-simple"},"_links":{"self":[{"href":"https:\/\/a-patch.com\/lv\/wp-json\/wp\/v2\/product\/16052","targetHints":{"allow":["GET"]}}],"collection":[{"href":"https:\/\/a-patch.com\/lv\/wp-json\/wp\/v2\/product"}],"about":[{"href":"https:\/\/a-patch.com\/lv\/wp-json\/wp\/v2\/types\/product"}],"replies":[{"embeddable":true,"href":"https:\/\/a-patch.com\/lv\/wp-json\/wp\/v2\/comments?post=16052"}],"wp:featuredmedia":[{"embeddable":true,"href":"https:\/\/a-patch.com\/lv\/wp-json\/wp\/v2\/media\/16037"}],"wp:attachment":[{"href":"https:\/\/a-patch.com\/lv\/wp-json\/wp\/v2\/media?parent=16052"}],"wp:term":[{"taxonomy":"product_cat","embeddable":true,"href":"https:\/\/a-patch.com\/lv\/wp-json\/wp\/v2\/product_cat?post=16052"},{"taxonomy":"product_tag","embeddable":true,"href":"https:\/\/a-patch.com\/lv\/wp-json\/wp\/v2\/product_tag?post=16052"}],"curies":[{"name":"wp","href":"https:\/\/api.w.org\/{rel}","templated":true}]}}