{"id":16011,"date":"2025-08-26T17:13:23","date_gmt":"2025-08-26T14:13:23","guid":{"rendered":"https:\/\/a-patch.com\/?post_type=product&#038;p=16011"},"modified":"2026-04-09T15:26:34","modified_gmt":"2026-04-09T12:26:34","slug":"onlyvan-keyring","status":"publish","type":"product","link":"https:\/\/a-patch.com\/lv\/produkts\/onlyvan-keyring\/","title":{"rendered":"Onlyvan &#8211; Keyring"},"content":{"rendered":"","protected":false},"excerpt":{"rendered":"<p class=\"translation-block\">ONLYVAN numurz\u012bmes piekari\u0146\u0161\nIzcelies ar \u0161o unik\u0101lo, abpus\u0113ji iz\u0161\u016bto piekari\u0146u, kas iedvesmots no Norv\u0113\u0123ijas numurz\u012bmes. Iztur\u012bgs, ko\u0161s un stil\u012bgs \u2014 ide\u0101ls aksesu\u0101rs tav\u0101m atsl\u0113g\u0101m, somai vai automa\u0161\u012bnas interjeram. Oblig\u0101ts kolekcion\u0113jams priek\u0161mets visiem ONLYVAN faniem.<\/p>","protected":false},"featured_media":16012,"comment_status":"closed","ping_status":"closed","template":"","meta":[],"product_cat":[307,306],"product_tag":[],"class_list":{"0":"post-16011","1":"product","2":"type-product","3":"status-publish","4":"has-post-thumbnail","6":"product_cat-accessories","7":"product_cat-keyrings","8":"product_brand-motorsports","9":"product_brand-onlyvan","11":"first","12":"instock","13":"taxable","14":"shipping-taxable","15":"purchasable","16":"product-type-simple"},"_links":{"self":[{"href":"https:\/\/a-patch.com\/lv\/wp-json\/wp\/v2\/product\/16011","targetHints":{"allow":["GET"]}}],"collection":[{"href":"https:\/\/a-patch.com\/lv\/wp-json\/wp\/v2\/product"}],"about":[{"href":"https:\/\/a-patch.com\/lv\/wp-json\/wp\/v2\/types\/product"}],"replies":[{"embeddable":true,"href":"https:\/\/a-patch.com\/lv\/wp-json\/wp\/v2\/comments?post=16011"}],"wp:featuredmedia":[{"embeddable":true,"href":"https:\/\/a-patch.com\/lv\/wp-json\/wp\/v2\/media\/16012"}],"wp:attachment":[{"href":"https:\/\/a-patch.com\/lv\/wp-json\/wp\/v2\/media?parent=16011"}],"wp:term":[{"taxonomy":"product_cat","embeddable":true,"href":"https:\/\/a-patch.com\/lv\/wp-json\/wp\/v2\/product_cat?post=16011"},{"taxonomy":"product_tag","embeddable":true,"href":"https:\/\/a-patch.com\/lv\/wp-json\/wp\/v2\/product_tag?post=16011"}],"curies":[{"name":"wp","href":"https:\/\/api.w.org\/{rel}","templated":true}]}}