{"id":15813,"date":"2025-07-30T11:42:29","date_gmt":"2025-07-30T08:42:29","guid":{"rendered":"https:\/\/a-patch.com\/?post_type=product&#038;p=15813"},"modified":"2026-04-10T14:38:50","modified_gmt":"2026-04-10T11:38:50","slug":"gemini-zodiac-newtons-cap","status":"publish","type":"product","link":"https:\/\/a-patch.com\/lv\/produkts\/gemini-zodiac-newtons-cap\/","title":{"rendered":"Gemini Zodiac &#8211; NEWton&#8217;s Cap"},"content":{"rendered":"","protected":false},"excerpt":{"rendered":"<p>Zodiaka cepuru kolekcija apvieno augstas kvalit\u0101tes katras zodiaka z\u012bmes iz\u0161uvumu, zodiaka rata apdruku zem naga, zelta oderi, kas simboliz\u0113 m\u0113ness gaismu, j\u016bsu zvaigzn\u0101ja iz\u0161uvumu un naga ap\u0161uvumu ar piec\u0101m tum\u0161i zil\u0101m \u0161uv\u0113m, kas atspogu\u013co nakts debess mirdzumu. Stil\u012bgs veids, k\u0101 izcelt j\u016bsu individualit\u0101ti un kosmisko saikni.<\/p>\n<p>Galvenais izmantotais materi\u0101ls ir augst\u0101k\u0101s kvalit\u0101tes gabard\u012bns, kas paz\u012bstams ar savu \u012bpa\u0161o \u012bpa\u0161\u012bbu kombin\u0101ciju \u2013 viegls un pat\u012bkams piesk\u0101riens, bet vienlaikus iztur\u012bgs, praktisks un elpojo\u0161s.<\/p>\n<p class=\"translation-block\">NEWton\u2019s cepure \u2013 klasiska un neapstr\u012bdama k\u0101 pati gravit\u0101cija. Izliekts nadzi\u0146\u0161 un gluda forma pie\u0161\u0137ir izskatu, kas piem\u0113rots gandr\u012bz jebkuram stilam \u2013 gan ikdienai, gan \u012bpa\u0161iem dz\u012bves mirk\u013ciem.<\/p>\n<p>Materi\u0101li:<\/p>\n<table>\n<tbody>\n<tr>\n<td>Pamatmateri\u0101ls<\/td>\n<td class=\"color-square blue\">Gabard\u012bns, 100% poliesters<br \/>\nColor &#8211; Millennium Navy<\/td>\n<\/tr>\n<tr>\n<td>Nags<\/td>\n<td class=\"color-square blue\">Gabard\u012bns, 100% poliesters<br \/>\nColor &#8211; Millennium Navy<\/td>\n<\/tr>\n<tr>\n<td>Oder\u0113jums<\/td>\n<td class=\"color-square gold\">Gabard\u012bns, 100% poliesters<br \/>\nColor &#8211; Sunny Gold<\/td>\n<\/tr>\n<tr>\n<td>Sviedru josla<\/td>\n<td class=\"color-square black\">100% kokvilna<br \/>\nKr\u0101sa \u2013 melna<\/td>\n<\/tr>\n<tr>\n<td colspan=\"2\"><em>L\u016bdzu, \u0146emiet v\u0113r\u0101: produkta kr\u0101sa var at\u0161\u0137irties atkar\u012bb\u0101 no ekr\u0101na iestat\u012bjumiem un apk\u0101rt\u0113j\u0101s apgaismojuma.<\/em><\/td>\n<\/tr>\n<\/tbody>\n<\/table>","protected":false},"featured_media":15817,"comment_status":"open","ping_status":"closed","template":"","meta":[],"product_cat":[288,304,210,260,252],"product_tag":[266,235,274,249,262,297],"class_list":{"0":"post-15813","1":"product","2":"type-product","3":"status-publish","4":"has-post-thumbnail","6":"product_cat-multicolor","7":"product_cat-zodiac","8":"product_cat-newtons-cap","9":"product_cat-newtons-cap-custom-design","10":"product_cat-millennium-navy","11":"product_tag-a-patch","12":"product_tag-caps","13":"product_tag-custom","14":"product_tag-inner-lining","15":"product_tag-newtons","16":"product_tag-zodiac","17":"pa_color-millennium-navy","18":"pa_color-multicolor","19":"pa_size-56-5","20":"pa_size-230","21":"product_brand-zodiac","23":"first","24":"instock","25":"sale","26":"taxable","27":"shipping-taxable","28":"purchasable","29":"product-type-variable","30":"rtwpvs-product"},"_links":{"self":[{"href":"https:\/\/a-patch.com\/lv\/wp-json\/wp\/v2\/product\/15813","targetHints":{"allow":["GET"]}}],"collection":[{"href":"https:\/\/a-patch.com\/lv\/wp-json\/wp\/v2\/product"}],"about":[{"href":"https:\/\/a-patch.com\/lv\/wp-json\/wp\/v2\/types\/product"}],"replies":[{"embeddable":true,"href":"https:\/\/a-patch.com\/lv\/wp-json\/wp\/v2\/comments?post=15813"}],"wp:featuredmedia":[{"embeddable":true,"href":"https:\/\/a-patch.com\/lv\/wp-json\/wp\/v2\/media\/15817"}],"wp:attachment":[{"href":"https:\/\/a-patch.com\/lv\/wp-json\/wp\/v2\/media?parent=15813"}],"wp:term":[{"taxonomy":"product_cat","embeddable":true,"href":"https:\/\/a-patch.com\/lv\/wp-json\/wp\/v2\/product_cat?post=15813"},{"taxonomy":"product_tag","embeddable":true,"href":"https:\/\/a-patch.com\/lv\/wp-json\/wp\/v2\/product_tag?post=15813"}],"curies":[{"name":"wp","href":"https:\/\/api.w.org\/{rel}","templated":true}]}}