{"id":15707,"date":"2025-06-28T17:11:33","date_gmt":"2025-06-28T14:11:33","guid":{"rendered":"https:\/\/a-patch.com\/?post_type=product&#038;p=15707"},"modified":"2026-05-02T20:31:24","modified_gmt":"2026-05-02T17:31:24","slug":"newtons-cap-5-panel-latvian-olive-edition","status":"publish","type":"product","link":"https:\/\/a-patch.com\/lv\/produkts\/newtons-cap-5-panel-latvian-olive-edition\/","title":{"rendered":"NEWton&#8217;s Cap 5 panel &#8211; Latvian Olive Edition"},"content":{"rendered":"","protected":false},"excerpt":{"rendered":"<p>Latvie\u0161u cepure, ra\u017eota 100% Latvij\u0101!<\/p>\n<p>Galvenais izmantotais materi\u0101ls ir augst\u0101k\u0101s kvalit\u0101tes gabard\u012bns, kas paz\u012bstams ar savu \u012bpa\u0161o \u012bpa\u0161\u012bbu kombin\u0101ciju \u2013 viegls un pat\u012bkams piesk\u0101riens, bet vienlaikus iztur\u012bgs, praktisks un elpojo\u0161s.<\/p>\n<p class=\"translation-block\">NEWton\u2019s cepure \u2013 klasiska un neapstr\u012bdama k\u0101 pati gravit\u0101cija. Izliekts nadzi\u0146\u0161 un gluda forma pie\u0161\u0137ir izskatu, kas piem\u0113rots gandr\u012bz jebkuram stilam \u2013 gan ikdienai, gan \u012bpa\u0161iem dz\u012bves mirk\u013ciem.<\/p>\n<p>Materi\u0101li:<\/p>\n<table>\n<tbody>\n<tr>\n<td>Pamatmateri\u0101ls<\/td>\n<td class=\"color-square olive\">Gabard\u012bns, 100% poliesters<br \/>\nColor &#8211; Olive Haki<\/td>\n<\/tr>\n<tr>\n<td>Nags<\/td>\n<td class=\"color-square olive\">Gabard\u012bns, 100% poliesters<br \/>\nColor &#8211; Olive Haki<\/td>\n<\/tr>\n<tr>\n<td>Sviedru josla<\/td>\n<td class=\"color-square black\">100% kokvilna<br \/>\nKr\u0101sa \u2013 melna<\/td>\n<\/tr>\n<tr>\n<td colspan=\"2\"><em>L\u016bdzu, \u0146emiet v\u0113r\u0101: produkta kr\u0101sa var at\u0161\u0137irties atkar\u012bb\u0101 no ekr\u0101na iestat\u012bjumiem un apk\u0101rt\u0113j\u0101s apgaismojuma.<\/em><\/td>\n<\/tr>\n<\/tbody>\n<\/table>","protected":false},"featured_media":15705,"comment_status":"open","ping_status":"closed","template":"","meta":[],"product_cat":[284,210,260],"product_tag":[266,235,274,249,275,262,285],"class_list":{"0":"post-15707","1":"product","2":"type-product","3":"status-publish","4":"has-post-thumbnail","6":"product_cat-olive-haki","7":"product_cat-newtons-cap","8":"product_cat-newtons-cap-custom-design","9":"product_tag-a-patch","10":"product_tag-caps","11":"product_tag-custom","12":"product_tag-inner-lining","13":"product_tag-latvia","14":"product_tag-newtons","15":"product_tag-olive-haki","16":"pa_color-olive","17":"pa_color-multicolor","18":"pa_size-56-5","19":"pa_size-230","20":"product_brand-latvia","22":"first","23":"instock","24":"taxable","25":"shipping-taxable","26":"purchasable","27":"product-type-variable","28":"rtwpvs-product"},"_links":{"self":[{"href":"https:\/\/a-patch.com\/lv\/wp-json\/wp\/v2\/product\/15707","targetHints":{"allow":["GET"]}}],"collection":[{"href":"https:\/\/a-patch.com\/lv\/wp-json\/wp\/v2\/product"}],"about":[{"href":"https:\/\/a-patch.com\/lv\/wp-json\/wp\/v2\/types\/product"}],"replies":[{"embeddable":true,"href":"https:\/\/a-patch.com\/lv\/wp-json\/wp\/v2\/comments?post=15707"}],"wp:featuredmedia":[{"embeddable":true,"href":"https:\/\/a-patch.com\/lv\/wp-json\/wp\/v2\/media\/15705"}],"wp:attachment":[{"href":"https:\/\/a-patch.com\/lv\/wp-json\/wp\/v2\/media?parent=15707"}],"wp:term":[{"taxonomy":"product_cat","embeddable":true,"href":"https:\/\/a-patch.com\/lv\/wp-json\/wp\/v2\/product_cat?post=15707"},{"taxonomy":"product_tag","embeddable":true,"href":"https:\/\/a-patch.com\/lv\/wp-json\/wp\/v2\/product_tag?post=15707"}],"curies":[{"name":"wp","href":"https:\/\/api.w.org\/{rel}","templated":true}]}}