{"id":15659,"date":"2025-06-18T16:00:08","date_gmt":"2025-06-18T13:00:08","guid":{"rendered":"https:\/\/a-patch.com\/?post_type=product&#038;p=15659"},"modified":"2025-12-02T22:22:05","modified_gmt":"2025-12-02T20:22:05","slug":"newtons-cap-dual-tone-bordo-and-jet-black","status":"publish","type":"product","link":"https:\/\/a-patch.com\/lv\/produkts\/newtons-cap-dual-tone-bordo-and-jet-black\/","title":{"rendered":"NEWton&#8217;s Cap \u2013 Bumble Bee"},"content":{"rendered":"","protected":false},"excerpt":{"rendered":"<p>Galvenais izmantotais materi\u0101ls ir augst\u0101k\u0101s kvalit\u0101tes gabard\u012bns, kas paz\u012bstams ar savu \u012bpa\u0161o \u012bpa\u0161\u012bbu kombin\u0101ciju \u2013 viegls un pat\u012bkams piesk\u0101riens, bet vienlaikus iztur\u012bgs, praktisks un elpojo\u0161s.<\/p>\n<p class=\"translation-block\">NEWton\u2019s cepure \u2013 klasiska un neapstr\u012bdama k\u0101 pati gravit\u0101cija. Izliekts nadzi\u0146\u0161 un gluda forma pie\u0161\u0137ir izskatu, kas piem\u0113rots gandr\u012bz jebkuram stilam \u2013 gan ikdienai, gan \u012bpa\u0161iem dz\u012bves mirk\u013ciem.<\/p>\n<p>Materi\u0101li:<\/p>\n<table>\n<tbody>\n<tr>\n<th rowspan=\"2\">Pamatmateri\u0101ls<\/th>\n<td class=\"color-square gold\">Priek\u0161puse<br \/>\nGabard\u012bns, 100% poliesters<br \/>\nColor &#8211; Sunny Gold<\/td>\n<\/tr>\n<tr>\n<td class=\"color-square gold\">Aizmugures da\u013ca<br \/>\nGabard\u012bns, 100% poliesters<br \/>\nKr\u0101sa \u2013 melna<\/td>\n<\/tr>\n<tr>\n<th>Nags<\/th>\n<td class=\"color-square gold\">Gabard\u012bns, 100% poliesters<br \/>\nColor &#8211; Sunny Gold<\/td>\n<\/tr>\n<tr>\n<th>Sviedru josla<\/th>\n<td class=\"color-square black\">100% kokvilna<br \/>\nKr\u0101sa \u2013 melna<\/td>\n<\/tr>\n<tr>\n<td colspan=\"2\"><em>L\u016bdzu, \u0146emiet v\u0113r\u0101: produkta kr\u0101sa var at\u0161\u0137irties atkar\u012bb\u0101 no ekr\u0101na iestat\u012bjumiem un apk\u0101rt\u0113j\u0101s apgaismojuma.<\/em><\/td>\n<\/tr>\n<\/tbody>\n<\/table>","protected":false},"featured_media":15997,"comment_status":"closed","ping_status":"closed","template":"","meta":[],"product_cat":[302,210,214,250],"product_tag":[305,235,265,251,262,300],"class_list":{"0":"post-15659","1":"product","2":"type-product","3":"status-publish","4":"has-post-thumbnail","6":"product_cat-sunny-gold","7":"product_cat-newtons-cap","8":"product_cat-newtons-cap-dual-tone","9":"product_cat-jet-black","10":"product_tag-bumble-bee","11":"product_tag-caps","12":"product_tag-dual-tone","13":"product_tag-jet-black","14":"product_tag-newtons","15":"product_tag-sunny-gold","16":"pa_color-sunny-gold","17":"pa_color-jet-black","18":"pa_size-56-5","19":"pa_size-230","20":"pa_size-245","22":"first","23":"instock","24":"taxable","25":"shipping-taxable","26":"purchasable","27":"product-type-variable","28":"rtwpvs-product"},"_links":{"self":[{"href":"https:\/\/a-patch.com\/lv\/wp-json\/wp\/v2\/product\/15659","targetHints":{"allow":["GET"]}}],"collection":[{"href":"https:\/\/a-patch.com\/lv\/wp-json\/wp\/v2\/product"}],"about":[{"href":"https:\/\/a-patch.com\/lv\/wp-json\/wp\/v2\/types\/product"}],"replies":[{"embeddable":true,"href":"https:\/\/a-patch.com\/lv\/wp-json\/wp\/v2\/comments?post=15659"}],"wp:featuredmedia":[{"embeddable":true,"href":"https:\/\/a-patch.com\/lv\/wp-json\/wp\/v2\/media\/15997"}],"wp:attachment":[{"href":"https:\/\/a-patch.com\/lv\/wp-json\/wp\/v2\/media?parent=15659"}],"wp:term":[{"taxonomy":"product_cat","embeddable":true,"href":"https:\/\/a-patch.com\/lv\/wp-json\/wp\/v2\/product_cat?post=15659"},{"taxonomy":"product_tag","embeddable":true,"href":"https:\/\/a-patch.com\/lv\/wp-json\/wp\/v2\/product_tag?post=15659"}],"curies":[{"name":"wp","href":"https:\/\/api.w.org\/{rel}","templated":true}]}}