{"id":15335,"date":"2025-05-15T15:36:38","date_gmt":"2025-05-15T12:36:38","guid":{"rendered":"https:\/\/a-patch.com\/?post_type=product&#038;p=15335"},"modified":"2025-12-02T22:22:04","modified_gmt":"2025-12-02T20:22:04","slug":"darwins-cap-lokomotiv-speedway-club","status":"publish","type":"product","link":"https:\/\/a-patch.com\/lv\/produkts\/darwins-cap-lokomotiv-speedway-club\/","title":{"rendered":"DarWIN&#8217;s Cap &#8211; Lokomotiv Speedway Club"},"content":{"rendered":"","protected":false},"excerpt":{"rendered":"<p>Lokomotiv speedway club. Dibin\u0101ts 1963. gad\u0101.<br \/>\nSp\u012bdveja sirds \u2013 Daugavpils<\/p>\n<p>\u0100r\u0113jais dizains ir v\u0113stures un m\u016bsdienu apvienojums. Pirmais logo, kas izstr\u0101d\u0101ts 1963. gad\u0101, apvienojas ar m\u016bsdienu Lokomot\u012bves Sp\u012bdveja kluba logo.<br \/>\nCepures apak\u0161\u0113j\u0101 puse ir dekor\u0113ta ar Daugavpils karti no 1960. gadiem.<br \/>\nInner lining is filled with Lokomotiv Speedway Club historical pictures and articles from old newspapers.<\/p>\n<p>Galvenais izmantotais materi\u0101ls ir augst\u0101k\u0101s kvalit\u0101tes gabard\u012bns, kas paz\u012bstams ar savu \u012bpa\u0161o \u012bpa\u0161\u012bbu kombin\u0101ciju \u2013 viegls un pat\u012bkams piesk\u0101riens, bet vienlaikus iztur\u012bgs, praktisks un elpojo\u0161s.<\/p>\n<p>DarWIN`s cepure \u2013 taisns nags un kro\u0146a forma \u2013 uzvar\u0113t\u0101ja stils. Le\u0123endas nepiedzimst, t\u0101s aug caur evol\u016bciju. Stils, kas piest\u0101v gan ikdienas t\u0113lam, gan biznesa kost\u012bmam.<\/p>\n<p>Materi\u0101li:<\/p>\n<table>\n<tbody>\n<tr>\n<td>Pamatmateri\u0101ls<\/td>\n<td class=\"color-square multi\">Gabard\u012bns, 100% poliesters<br \/>\nKr\u0101sa \u2013 daudzkr\u0101sains<\/td>\n<\/tr>\n<tr>\n<td>Nags<\/td>\n<td class=\"color-square multi\">Gabard\u012bns, 100% poliesters<br \/>\nKr\u0101sa \u2013 daudzkr\u0101sains<\/td>\n<\/tr>\n<tr>\n<td>Oder\u0113jums<\/td>\n<td class=\"color-square multi\">Antibakteri\u0101ls sporta audums, 100% poliesters<br \/>\nKr\u0101sa \u2013 daudzkr\u0101sains<\/td>\n<\/tr>\n<tr>\n<td>Sviedru josla<\/td>\n<td class=\"color-square black\">100% kokvilna<br \/>\nKr\u0101sa \u2013 melna<\/td>\n<\/tr>\n<tr>\n<td colspan=\"2\"><em>L\u016bdzu, \u0146emiet v\u0113r\u0101: produkta kr\u0101sa var at\u0161\u0137irties atkar\u012bb\u0101 no ekr\u0101na iestat\u012bjumiem un apk\u0101rt\u0113j\u0101s apgaismojuma.<\/em><\/td>\n<\/tr>\n<\/tbody>\n<\/table>","protected":false},"featured_media":15339,"comment_status":"closed","ping_status":"closed","template":"","meta":[],"product_cat":[288,216,258],"product_tag":[235,236,249,289,291,290],"class_list":{"0":"post-15335","1":"product","2":"type-product","3":"status-publish","4":"has-post-thumbnail","6":"product_cat-multicolor","7":"product_cat-darwins-cap","8":"product_cat-darwins-cap-custom-design","9":"product_tag-caps","10":"product_tag-darwins","11":"product_tag-inner-lining","12":"product_tag-lokomotiv","13":"product_tag-motorsports","14":"product_tag-multicolor","15":"pa_color-multicolor","16":"pa_size-230","17":"product_brand-lokomotiv","18":"product_brand-motorsports","20":"first","21":"instock","22":"taxable","23":"shipping-taxable","24":"purchasable","25":"product-type-variable","26":"rtwpvs-product"},"_links":{"self":[{"href":"https:\/\/a-patch.com\/lv\/wp-json\/wp\/v2\/product\/15335","targetHints":{"allow":["GET"]}}],"collection":[{"href":"https:\/\/a-patch.com\/lv\/wp-json\/wp\/v2\/product"}],"about":[{"href":"https:\/\/a-patch.com\/lv\/wp-json\/wp\/v2\/types\/product"}],"replies":[{"embeddable":true,"href":"https:\/\/a-patch.com\/lv\/wp-json\/wp\/v2\/comments?post=15335"}],"wp:featuredmedia":[{"embeddable":true,"href":"https:\/\/a-patch.com\/lv\/wp-json\/wp\/v2\/media\/15339"}],"wp:attachment":[{"href":"https:\/\/a-patch.com\/lv\/wp-json\/wp\/v2\/media?parent=15335"}],"wp:term":[{"taxonomy":"product_cat","embeddable":true,"href":"https:\/\/a-patch.com\/lv\/wp-json\/wp\/v2\/product_cat?post=15335"},{"taxonomy":"product_tag","embeddable":true,"href":"https:\/\/a-patch.com\/lv\/wp-json\/wp\/v2\/product_tag?post=15335"}],"curies":[{"name":"wp","href":"https:\/\/api.w.org\/{rel}","templated":true}]}}