{"id":15292,"date":"2025-05-09T15:48:48","date_gmt":"2025-05-09T12:48:48","guid":{"rendered":"https:\/\/a-patch.com\/?post_type=product&#038;p=15292"},"modified":"2026-04-09T15:53:56","modified_gmt":"2026-04-09T12:53:56","slug":"darvins-cepure-divu-tonu-olivu-haki-un-struklas-melna-krasa","status":"publish","type":"product","link":"https:\/\/a-patch.com\/lv\/produkts\/darvins-cepure-divu-tonu-olivu-haki-un-struklas-melna-krasa\/","title":{"rendered":"DARWIN\u2019S CAP \u2013 Olive Haki AND JET BLACK"},"content":{"rendered":"","protected":false},"excerpt":{"rendered":"<p>DarWIN`s cepure \u2013 taisns nags un kro\u0146a forma \u2013 uzvar\u0113t\u0101ja stils. Le\u0123endas nepiedzimst, t\u0101s aug caur evol\u016bciju. Stils, kas piest\u0101v gan ikdienas t\u0113lam, gan biznesa kost\u012bmam.<\/p>\n<p>Materi\u0101li:<\/p>\n<table>\n<tbody>\n<tr>\n<th rowspan=\"2\">Pamatmateri\u0101ls<\/th>\n<td class=\"color-square olive\">Priek\u0161puse<br \/>\nGabard\u012bns, 100% poliesters<br \/>\nColor &#8211; Olive Hakin<\/td>\n<\/tr>\n<tr>\n<td class=\"color-square black\">Aizmugures da\u013ca<br \/>\nGabard\u012bns, 100% poliesters<br \/>\nKr\u0101sa \u2013 melna<\/td>\n<\/tr>\n<tr>\n<th>Nags<\/th>\n<td class=\"color-square olive\">Gabard\u012bns, 100% poliesters<br \/>\nColor &#8211; Olive Haki<\/td>\n<\/tr>\n<tr>\n<th>Sviedru josla<\/th>\n<td class=\"color-square black\">100% kokvilna<br \/>\nKr\u0101sa \u2013 melna<\/td>\n<\/tr>\n<tr>\n<td colspan=\"2\"><em>L\u016bdzu, \u0146emiet v\u0113r\u0101: produkta kr\u0101sa var at\u0161\u0137irties atkar\u012bb\u0101 no ekr\u0101na iestat\u012bjumiem un apk\u0101rt\u0113j\u0101s apgaismojuma.<\/em><\/td>\n<\/tr>\n<\/tbody>\n<\/table>","protected":false},"featured_media":15297,"comment_status":"closed","ping_status":"closed","template":"","meta":[],"product_cat":[284,216,217,250,254],"product_tag":[236,265,251,285],"class_list":{"0":"post-15292","1":"product","2":"type-product","3":"status-publish","4":"has-post-thumbnail","6":"product_cat-olive-haki","7":"product_cat-darwins-cap","8":"product_cat-darwins-cap-dual-tone","9":"product_cat-jet-black","10":"product_cat-racing-green","11":"product_tag-darwins","12":"product_tag-dual-tone","13":"product_tag-jet-black","14":"product_tag-olive-haki","15":"pa_color-olive","16":"pa_color-jet-black","17":"pa_size-56-5","18":"pa_size-230","19":"pa_size-245","20":"product_brand-essential","22":"first","23":"instock","24":"taxable","25":"shipping-taxable","26":"purchasable","27":"product-type-variable","28":"rtwpvs-product"},"_links":{"self":[{"href":"https:\/\/a-patch.com\/lv\/wp-json\/wp\/v2\/product\/15292","targetHints":{"allow":["GET"]}}],"collection":[{"href":"https:\/\/a-patch.com\/lv\/wp-json\/wp\/v2\/product"}],"about":[{"href":"https:\/\/a-patch.com\/lv\/wp-json\/wp\/v2\/types\/product"}],"replies":[{"embeddable":true,"href":"https:\/\/a-patch.com\/lv\/wp-json\/wp\/v2\/comments?post=15292"}],"wp:featuredmedia":[{"embeddable":true,"href":"https:\/\/a-patch.com\/lv\/wp-json\/wp\/v2\/media\/15297"}],"wp:attachment":[{"href":"https:\/\/a-patch.com\/lv\/wp-json\/wp\/v2\/media?parent=15292"}],"wp:term":[{"taxonomy":"product_cat","embeddable":true,"href":"https:\/\/a-patch.com\/lv\/wp-json\/wp\/v2\/product_cat?post=15292"},{"taxonomy":"product_tag","embeddable":true,"href":"https:\/\/a-patch.com\/lv\/wp-json\/wp\/v2\/product_tag?post=15292"}],"curies":[{"name":"wp","href":"https:\/\/api.w.org\/{rel}","templated":true}]}}