{"id":14516,"date":"2025-03-14T13:50:54","date_gmt":"2025-03-14T11:50:54","guid":{"rendered":"https:\/\/a-patch.com\/?post_type=product&#038;p=14516"},"modified":"2025-11-08T14:25:24","modified_gmt":"2025-11-08T12:25:24","slug":"physical-gift-card","status":"publish","type":"product","link":"https:\/\/a-patch.com\/lv\/produkts\/physical-gift-card\/","title":{"rendered":"Fizisk\u0101 d\u0101vanu karte"},"content":{"rendered":"<p>The greatest gift &#8211; freedom of choice. Let your loved ones this opportunity.<\/p>","protected":false},"excerpt":{"rendered":"<p>Liel\u0101kais d\u0101vin\u0101jums \u2013 izv\u0113les br\u012bv\u012bba. Dodiet saviem m\u012b\u013cajiem \u0161o iesp\u0113ju.<\/p>\n<p>\u0160\u012b d\u0101vanu karte ir izgatavota no akrila spogu\u013ca stikla ar l\u0101zera grav\u0113jumu.<\/p>\n<p>Ieg\u0101d\u0101joties d\u0101vanu karti, tiks izsniegta fiziska karte.<\/p>\n<p>L\u016bdzu, skatiet <span style=\"color: #0000ff\"><a style=\"color: #0000ff\" href=\"https:\/\/a-patch.com\/lv\/noteikumi-nosacijumi\/\">Noteikumi un nosac\u012bjumi<\/a><\/span><\/p>","protected":false},"featured_media":16415,"comment_status":"closed","ping_status":"closed","template":"","meta":[],"product_cat":[268],"product_tag":[],"class_list":{"0":"post-14516","1":"product","2":"type-product","3":"status-publish","4":"has-post-thumbnail","6":"product_cat-giftcards","8":"first","9":"instock","10":"purchasable","11":"product-type-variable","12":"rtwpvs-product"},"_links":{"self":[{"href":"https:\/\/a-patch.com\/lv\/wp-json\/wp\/v2\/product\/14516","targetHints":{"allow":["GET"]}}],"collection":[{"href":"https:\/\/a-patch.com\/lv\/wp-json\/wp\/v2\/product"}],"about":[{"href":"https:\/\/a-patch.com\/lv\/wp-json\/wp\/v2\/types\/product"}],"replies":[{"embeddable":true,"href":"https:\/\/a-patch.com\/lv\/wp-json\/wp\/v2\/comments?post=14516"}],"wp:featuredmedia":[{"embeddable":true,"href":"https:\/\/a-patch.com\/lv\/wp-json\/wp\/v2\/media\/16415"}],"wp:attachment":[{"href":"https:\/\/a-patch.com\/lv\/wp-json\/wp\/v2\/media?parent=14516"}],"wp:term":[{"taxonomy":"product_cat","embeddable":true,"href":"https:\/\/a-patch.com\/lv\/wp-json\/wp\/v2\/product_cat?post=14516"},{"taxonomy":"product_tag","embeddable":true,"href":"https:\/\/a-patch.com\/lv\/wp-json\/wp\/v2\/product_tag?post=14516"}],"curies":[{"name":"wp","href":"https:\/\/api.w.org\/{rel}","templated":true}]}}