{"id":14497,"date":"2025-03-13T15:46:13","date_gmt":"2025-03-13T13:46:13","guid":{"rendered":"https:\/\/a-patch.com\/product\/gift-card-2\/"},"modified":"2025-12-08T10:56:15","modified_gmt":"2025-12-08T08:56:15","slug":"digital-gift-card","status":"publish","type":"product","link":"https:\/\/a-patch.com\/lv\/produkts\/digital-gift-card\/","title":{"rendered":"Digit\u0101l\u0101 d\u0101vanu karte"},"content":{"rendered":"<p>The greatest gift &#8211; freedom of choice. Let your loved ones this opportunity.<\/p>","protected":false},"excerpt":{"rendered":"<p>Liel\u0101kais d\u0101vin\u0101jums \u2013 izv\u0113les br\u012bv\u012bba. Dodiet saviem m\u012b\u013cajiem \u0161o iesp\u0113ju.<\/p>\n<p>L\u016bdzu, skatiet <span style=\"color: #0000ff;\"><a style=\"color: #0000ff;\" href=\"https:\/\/a-patch.com\/lv\/noteikumi-nosacijumi\/\">Noteikumi un nosac\u012bjumi<\/a><\/span><\/p>","protected":false},"featured_media":14513,"comment_status":"closed","ping_status":"closed","template":"","meta":[],"product_cat":[268],"product_tag":[],"class_list":{"0":"post-14497","1":"product","2":"type-product","3":"status-publish","4":"has-post-thumbnail","6":"product_cat-giftcards","8":"first","9":"instock","10":"purchasable","11":"product-type-pw-gift-card","12":"rtwpvs-product"},"_links":{"self":[{"href":"https:\/\/a-patch.com\/lv\/wp-json\/wp\/v2\/product\/14497","targetHints":{"allow":["GET"]}}],"collection":[{"href":"https:\/\/a-patch.com\/lv\/wp-json\/wp\/v2\/product"}],"about":[{"href":"https:\/\/a-patch.com\/lv\/wp-json\/wp\/v2\/types\/product"}],"replies":[{"embeddable":true,"href":"https:\/\/a-patch.com\/lv\/wp-json\/wp\/v2\/comments?post=14497"}],"wp:featuredmedia":[{"embeddable":true,"href":"https:\/\/a-patch.com\/lv\/wp-json\/wp\/v2\/media\/14513"}],"wp:attachment":[{"href":"https:\/\/a-patch.com\/lv\/wp-json\/wp\/v2\/media?parent=14497"}],"wp:term":[{"taxonomy":"product_cat","embeddable":true,"href":"https:\/\/a-patch.com\/lv\/wp-json\/wp\/v2\/product_cat?post=14497"},{"taxonomy":"product_tag","embeddable":true,"href":"https:\/\/a-patch.com\/lv\/wp-json\/wp\/v2\/product_tag?post=14497"}],"curies":[{"name":"wp","href":"https:\/\/api.w.org\/{rel}","templated":true}]}}