{"id":14460,"date":"2025-03-11T15:21:47","date_gmt":"2025-03-11T13:21:47","guid":{"rendered":"https:\/\/a-patch.com\/?post_type=product&#038;p=14460"},"modified":"2026-04-09T15:55:59","modified_gmt":"2026-04-09T12:55:59","slug":"darwins-cap-dual-tone-imperial-red-and-jet-black","status":"publish","type":"product","link":"https:\/\/a-patch.com\/lv\/produkts\/darwins-cap-dual-tone-imperial-red-and-jet-black\/","title":{"rendered":"DARWIN\u2019S CAP &#8211; Imperial Red AND JET BLACK"},"content":{"rendered":"","protected":false},"excerpt":{"rendered":"<p>Galvenais izmantotais materi\u0101ls ir augst\u0101k\u0101s kvalit\u0101tes gabard\u012bns, kas paz\u012bstams ar savu \u012bpa\u0161o \u012bpa\u0161\u012bbu kombin\u0101ciju \u2013 viegls un pat\u012bkams piesk\u0101riens, bet vienlaikus iztur\u012bgs, praktisks un elpojo\u0161s.<\/p>\n<p>DarWIN`s cepure \u2013 taisns nags un kro\u0146a forma \u2013 uzvar\u0113t\u0101ja stils. Le\u0123endas nepiedzimst, t\u0101s aug caur evol\u016bciju. Stils, kas piest\u0101v gan ikdienas t\u0113lam, gan biznesa kost\u012bmam.<\/p>\n<p>Materi\u0101li:<\/p>\n<table>\n<tbody>\n<tr>\n<th rowspan=\"2\">Pamatmateri\u0101ls<\/th>\n<td class=\"color-square red\">Priek\u0161puse<br \/>\nGabard\u012bns, 100% poliesters<br \/>\nKr\u0101sa \u2013 imperi\u0101li sarkana<\/td>\n<\/tr>\n<tr>\n<td class=\"color-square black\">Aizmugures da\u013ca<br \/>\nGabard\u012bns, 100% poliesters<br \/>\nKr\u0101sa \u2013 melna<\/td>\n<\/tr>\n<tr>\n<th>Nags<\/th>\n<td class=\"color-square red\">Gabard\u012bns, 100% poliesters<br \/>\nKr\u0101sa \u2013 imperi\u0101li sarkana<\/td>\n<\/tr>\n<tr>\n<th>Sviedru josla<\/th>\n<td class=\"color-square black\">100% kokvilna<br \/>\nKr\u0101sa \u2013 melna<\/td>\n<\/tr>\n<tr>\n<td colspan=\"2\"><em>L\u016bdzu, \u0146emiet v\u0113r\u0101: produkta kr\u0101sa var at\u0161\u0137irties atkar\u012bb\u0101 no ekr\u0101na iestat\u012bjumiem un apk\u0101rt\u0113j\u0101s apgaismojuma.<\/em><\/td>\n<\/tr>\n<\/tbody>\n<\/table>","protected":false},"featured_media":14182,"comment_status":"closed","ping_status":"closed","template":"","meta":[],"product_cat":[216,217,248,250],"product_tag":[235,236,265,237,251],"class_list":{"0":"post-14460","1":"product","2":"type-product","3":"status-publish","4":"has-post-thumbnail","6":"product_cat-darwins-cap","7":"product_cat-darwins-cap-dual-tone","8":"product_cat-imperial-red","9":"product_cat-jet-black","10":"product_tag-caps","11":"product_tag-darwins","12":"product_tag-dual-tone","13":"product_tag-imperial-red","14":"product_tag-jet-black","15":"pa_color-imperial-red","16":"pa_color-jet-black","17":"pa_size-56-5","18":"pa_size-230","19":"pa_size-245","20":"product_brand-essential","22":"first","23":"instock","24":"sale","25":"taxable","26":"shipping-taxable","27":"purchasable","28":"product-type-variable","29":"rtwpvs-product"},"_links":{"self":[{"href":"https:\/\/a-patch.com\/lv\/wp-json\/wp\/v2\/product\/14460","targetHints":{"allow":["GET"]}}],"collection":[{"href":"https:\/\/a-patch.com\/lv\/wp-json\/wp\/v2\/product"}],"about":[{"href":"https:\/\/a-patch.com\/lv\/wp-json\/wp\/v2\/types\/product"}],"replies":[{"embeddable":true,"href":"https:\/\/a-patch.com\/lv\/wp-json\/wp\/v2\/comments?post=14460"}],"wp:featuredmedia":[{"embeddable":true,"href":"https:\/\/a-patch.com\/lv\/wp-json\/wp\/v2\/media\/14182"}],"wp:attachment":[{"href":"https:\/\/a-patch.com\/lv\/wp-json\/wp\/v2\/media?parent=14460"}],"wp:term":[{"taxonomy":"product_cat","embeddable":true,"href":"https:\/\/a-patch.com\/lv\/wp-json\/wp\/v2\/product_cat?post=14460"},{"taxonomy":"product_tag","embeddable":true,"href":"https:\/\/a-patch.com\/lv\/wp-json\/wp\/v2\/product_tag?post=14460"}],"curies":[{"name":"wp","href":"https:\/\/api.w.org\/{rel}","templated":true}]}}