{"id":14398,"date":"2025-03-10T14:47:49","date_gmt":"2025-03-10T12:47:49","guid":{"rendered":"https:\/\/a-patch.com\/?post_type=product&#038;p=14398"},"modified":"2025-12-02T22:22:10","modified_gmt":"2025-12-02T20:22:10","slug":"newtons-cap-a-patch-dual-tone-perforated-racing-green-and-jet-black","status":"publish","type":"product","link":"https:\/\/a-patch.com\/lv\/produkts\/newtons-cap-a-patch-dual-tone-perforated-racing-green-and-jet-black\/","title":{"rendered":"NEWton&#8217;s Cap \u2013 A-Patch Perforated RACING GREEN AND JET BLACK"},"content":{"rendered":"","protected":false},"excerpt":{"rendered":"<p>A-Patch Cap With 3D embroidery.<\/p>\n<p>Galvenais izmantotais materi\u0101ls ir augst\u0101k\u0101s kvalit\u0101tes gabard\u012bns, kas paz\u012bstams ar savu \u012bpa\u0161o \u012bpa\u0161\u012bbu kombin\u0101ciju \u2013 viegls un pat\u012bkams piesk\u0101riens, bet vienlaikus iztur\u012bgs, praktisks un elpojo\u0161s.<br \/>\nL\u0101zera griezuma perfor\u0101cija s\u0101nu un aizmugures pane\u013cos, lai uzlabotu ventil\u0101ciju \u2013 apvienojot re\u017e\u0123a funkcionalit\u0101ti ar augstv\u0113rt\u012bgu izskatu.<\/p>\n<p class=\"translation-block\">NEWton\u2019s cepure \u2013 klasiska un neapstr\u012bdama k\u0101 pati gravit\u0101cija. Izliekts nadzi\u0146\u0161 un gluda forma pie\u0161\u0137ir izskatu, kas piem\u0113rots gandr\u012bz jebkuram stilam \u2013 gan ikdienai, gan \u012bpa\u0161iem dz\u012bves mirk\u013ciem.<\/p>\n<p>Materi\u0101li:<\/p>\n<p>&nbsp;<\/p>\n<table>\n<tbody>\n<tr>\n<th rowspan=\"2\">Pamatmateri\u0101ls<\/th>\n<td class=\"color-square green\">Priek\u0161puse<br \/>\nGabard\u012bns, 100% poliesters<br \/>\nColor &#8211; Racing Green<\/td>\n<\/tr>\n<tr>\n<td class=\"color-square black\">Aizmugures da\u013ca<br \/>\nGabard\u012bns, 100% poliesters<br \/>\nKr\u0101sa \u2013 melna<\/td>\n<\/tr>\n<tr>\n<th>Nags<\/th>\n<td class=\"color-square green\">Gabard\u012bns, 100% poliesters<br \/>\nColor &#8211; Racing Green<\/td>\n<\/tr>\n<tr>\n<th>Sviedru josla<\/th>\n<td class=\"color-square black\">100% kokvilna<br \/>\nKr\u0101sa \u2013 melna<\/td>\n<\/tr>\n<tr>\n<th>Iz\u0161\u016b\u0161ana<\/th>\n<td class=\"color-square\">Kr\u0101sa \u2013 daudzkr\u0101sains<\/td>\n<\/tr>\n<tr>\n<td colspan=\"2\"><em>L\u016bdzu, \u0146emiet v\u0113r\u0101: produkta kr\u0101sa var at\u0161\u0137irties atkar\u012bb\u0101 no ekr\u0101na iestat\u012bjumiem un apk\u0101rt\u0113j\u0101s apgaismojuma.<\/em><\/td>\n<\/tr>\n<\/tbody>\n<\/table>","protected":false},"featured_media":14137,"comment_status":"closed","ping_status":"closed","template":"","meta":[],"product_cat":[210,214,215,250,254],"product_tag":[266,235,265,251,262,264,255],"class_list":{"0":"post-14398","1":"product","2":"type-product","3":"status-publish","4":"has-post-thumbnail","6":"product_cat-newtons-cap","7":"product_cat-newtons-cap-dual-tone","8":"product_cat-newtons-cap-perforated","9":"product_cat-jet-black","10":"product_cat-racing-green","11":"product_tag-a-patch","12":"product_tag-caps","13":"product_tag-dual-tone","14":"product_tag-jet-black","15":"product_tag-newtons","16":"product_tag-perforated","17":"product_tag-racing-green","18":"pa_color-jet-black","19":"pa_color-racing-green","20":"pa_size-56-5","21":"pa_size-230","22":"pa_size-245","23":"product_brand-a-patch","25":"first","26":"instock","27":"taxable","28":"shipping-taxable","29":"purchasable","30":"product-type-variable","31":"rtwpvs-product"},"_links":{"self":[{"href":"https:\/\/a-patch.com\/lv\/wp-json\/wp\/v2\/product\/14398","targetHints":{"allow":["GET"]}}],"collection":[{"href":"https:\/\/a-patch.com\/lv\/wp-json\/wp\/v2\/product"}],"about":[{"href":"https:\/\/a-patch.com\/lv\/wp-json\/wp\/v2\/types\/product"}],"replies":[{"embeddable":true,"href":"https:\/\/a-patch.com\/lv\/wp-json\/wp\/v2\/comments?post=14398"}],"wp:featuredmedia":[{"embeddable":true,"href":"https:\/\/a-patch.com\/lv\/wp-json\/wp\/v2\/media\/14137"}],"wp:attachment":[{"href":"https:\/\/a-patch.com\/lv\/wp-json\/wp\/v2\/media?parent=14398"}],"wp:term":[{"taxonomy":"product_cat","embeddable":true,"href":"https:\/\/a-patch.com\/lv\/wp-json\/wp\/v2\/product_cat?post=14398"},{"taxonomy":"product_tag","embeddable":true,"href":"https:\/\/a-patch.com\/lv\/wp-json\/wp\/v2\/product_tag?post=14398"}],"curies":[{"name":"wp","href":"https:\/\/api.w.org\/{rel}","templated":true}]}}