{"id":14388,"date":"2025-03-10T14:13:14","date_gmt":"2025-03-10T12:13:14","guid":{"rendered":"https:\/\/a-patch.com\/?post_type=product&#038;p=14388"},"modified":"2025-12-02T22:22:11","modified_gmt":"2025-12-02T20:22:11","slug":"newtons-cap-a-patch-perforated-single-tone-sea-grey","status":"publish","type":"product","link":"https:\/\/a-patch.com\/lv\/produkts\/newtons-cap-a-patch-perforated-single-tone-sea-grey\/","title":{"rendered":"NEWTON\u2019S CAP \u2013 A-Patch PERFORATED Sea Grey"},"content":{"rendered":"","protected":false},"excerpt":{"rendered":"<p>A-Patch Cap With 3D embroidery.<br \/>\nGalvenais izmantotais materi\u0101ls ir augst\u0101k\u0101s kvalit\u0101tes gabard\u012bns, kas paz\u012bstams ar savu \u012bpa\u0161o \u012bpa\u0161\u012bbu kombin\u0101ciju \u2013 viegls un pat\u012bkams piesk\u0101riens, bet vienlaikus iztur\u012bgs, praktisks un elpojo\u0161s.<br \/>\nL\u0101zera griezuma perfor\u0101cija s\u0101nu un aizmugures pane\u013cos, lai uzlabotu ventil\u0101ciju \u2013 apvienojot re\u017e\u0123a funkcionalit\u0101ti ar augstv\u0113rt\u012bgu izskatu.<\/p>\n<p class=\"translation-block\">NEWton\u2019s cepure \u2013 klasiska un neapstr\u012bdama k\u0101 pati gravit\u0101cija. Izliekts nadzi\u0146\u0161 un gluda forma pie\u0161\u0137ir izskatu, kas piem\u0113rots gandr\u012bz jebkuram stilam \u2013 gan ikdienai, gan \u012bpa\u0161iem dz\u012bves mirk\u013ciem.<\/p>\n<p>Materi\u0101li:<\/p>\n<table>\n<tbody>\n<tr>\n<td>Pamatmateri\u0101ls<\/td>\n<td class=\"color-square grey\">Gabard\u012bns, 100% poliesters<br \/>\nColor &#8211; Sea Grey<\/td>\n<\/tr>\n<tr>\n<td>Nags<\/td>\n<td class=\"color-square grey\">Gabard\u012bns, 100% poliesters<br \/>\nColor &#8211; Sea Grey<\/td>\n<\/tr>\n<tr>\n<td>Sviedru josla<\/td>\n<td class=\"color-square black\">100% kokvilna<br \/>\nKr\u0101sa \u2013 melna<\/td>\n<\/tr>\n<tr>\n<td>Iz\u0161\u016b\u0161ana<\/td>\n<td class=\"color-square\">Color &#8211; Grey And Black<\/td>\n<\/tr>\n<tr>\n<td colspan=\"2\"><em>L\u016bdzu, \u0146emiet v\u0113r\u0101: produkta kr\u0101sa var at\u0161\u0137irties atkar\u012bb\u0101 no ekr\u0101na iestat\u012bjumiem un apk\u0101rt\u0113j\u0101s apgaismojuma.<\/em><\/td>\n<\/tr>\n<\/tbody>\n<\/table>","protected":false},"featured_media":14119,"comment_status":"closed","ping_status":"closed","template":"","meta":[],"product_cat":[210,211,215,256],"product_tag":[266,235,262,264,257],"class_list":{"0":"post-14388","1":"product","2":"type-product","3":"status-publish","4":"has-post-thumbnail","6":"product_cat-newtons-cap","7":"product_cat-newtons-cap-single-tone","8":"product_cat-newtons-cap-perforated","9":"product_cat-sea-grey","10":"product_tag-a-patch","11":"product_tag-caps","12":"product_tag-newtons","13":"product_tag-perforated","14":"product_tag-sea-grey","15":"pa_color-sea-grey","16":"pa_size-56-5","17":"pa_size-230","18":"product_brand-a-patch","20":"first","21":"instock","22":"taxable","23":"shipping-taxable","24":"purchasable","25":"product-type-variable","26":"rtwpvs-product"},"_links":{"self":[{"href":"https:\/\/a-patch.com\/lv\/wp-json\/wp\/v2\/product\/14388","targetHints":{"allow":["GET"]}}],"collection":[{"href":"https:\/\/a-patch.com\/lv\/wp-json\/wp\/v2\/product"}],"about":[{"href":"https:\/\/a-patch.com\/lv\/wp-json\/wp\/v2\/types\/product"}],"replies":[{"embeddable":true,"href":"https:\/\/a-patch.com\/lv\/wp-json\/wp\/v2\/comments?post=14388"}],"wp:featuredmedia":[{"embeddable":true,"href":"https:\/\/a-patch.com\/lv\/wp-json\/wp\/v2\/media\/14119"}],"wp:attachment":[{"href":"https:\/\/a-patch.com\/lv\/wp-json\/wp\/v2\/media?parent=14388"}],"wp:term":[{"taxonomy":"product_cat","embeddable":true,"href":"https:\/\/a-patch.com\/lv\/wp-json\/wp\/v2\/product_cat?post=14388"},{"taxonomy":"product_tag","embeddable":true,"href":"https:\/\/a-patch.com\/lv\/wp-json\/wp\/v2\/product_tag?post=14388"}],"curies":[{"name":"wp","href":"https:\/\/api.w.org\/{rel}","templated":true}]}}