{"id":14354,"date":"2025-03-10T11:27:03","date_gmt":"2025-03-10T09:27:03","guid":{"rendered":"https:\/\/a-patch.com\/?post_type=product&#038;p=14354"},"modified":"2026-04-09T16:14:32","modified_gmt":"2026-04-09T13:14:32","slug":"newtons-cap-dual-tone-imperial-red-and-jet-black","status":"publish","type":"product","link":"https:\/\/a-patch.com\/lv\/produkts\/newtons-cap-dual-tone-imperial-red-and-jet-black\/","title":{"rendered":"NEWton&#8217;s Cap \u2013 IMPERIAL RED AND JET BLACK"},"content":{"rendered":"","protected":false},"excerpt":{"rendered":"<p>Galvenais izmantotais materi\u0101ls ir augst\u0101k\u0101s kvalit\u0101tes gabard\u012bns, kas paz\u012bstams ar savu \u012bpa\u0161o \u012bpa\u0161\u012bbu kombin\u0101ciju \u2013 viegls un pat\u012bkams piesk\u0101riens, bet vienlaikus iztur\u012bgs, praktisks un elpojo\u0161s.<\/p>\n<p class=\"translation-block\">NEWton\u2019s cepure \u2013 klasiska un neapstr\u012bdama k\u0101 pati gravit\u0101cija. Izliekts nadzi\u0146\u0161 un gluda forma pie\u0161\u0137ir izskatu, kas piem\u0113rots gandr\u012bz jebkuram stilam \u2013 gan ikdienai, gan \u012bpa\u0161iem dz\u012bves mirk\u013ciem.<\/p>\n<p>Materi\u0101li:<\/p>\n<table>\n<tbody>\n<tr>\n<th rowspan=\"2\">Pamatmateri\u0101ls<\/th>\n<td class=\"color-square red\">Priek\u0161puse<br \/>\nGabard\u012bns, 100% poliesters<br \/>\nKr\u0101sa \u2013 imperi\u0101li sarkana<\/td>\n<\/tr>\n<tr>\n<td class=\"color-square black\">Aizmugures da\u013ca<br \/>\nGabard\u012bns, 100% poliesters<br \/>\nKr\u0101sa \u2013 melna<\/td>\n<\/tr>\n<tr>\n<th>Nags<\/th>\n<td class=\"color-square red\">Gabard\u012bns, 100% poliesters<br \/>\nKr\u0101sa \u2013 imperi\u0101li sarkana<\/td>\n<\/tr>\n<tr>\n<th>Sviedru josla<\/th>\n<td class=\"color-square black\">100% kokvilna<br \/>\nKr\u0101sa \u2013 melna<\/td>\n<\/tr>\n<tr>\n<td colspan=\"2\"><em>L\u016bdzu, \u0146emiet v\u0113r\u0101: produkta kr\u0101sa var at\u0161\u0137irties atkar\u012bb\u0101 no ekr\u0101na iestat\u012bjumiem un apk\u0101rt\u0113j\u0101s apgaismojuma.<\/em><\/td>\n<\/tr>\n<\/tbody>\n<\/table>","protected":false},"featured_media":14191,"comment_status":"closed","ping_status":"closed","template":"","meta":[],"product_cat":[210,214,248,250],"product_tag":[235,265,237,251,262],"class_list":{"0":"post-14354","1":"product","2":"type-product","3":"status-publish","4":"has-post-thumbnail","6":"product_cat-newtons-cap","7":"product_cat-newtons-cap-dual-tone","8":"product_cat-imperial-red","9":"product_cat-jet-black","10":"product_tag-caps","11":"product_tag-dual-tone","12":"product_tag-imperial-red","13":"product_tag-jet-black","14":"product_tag-newtons","15":"pa_color-imperial-red","16":"pa_color-jet-black","17":"pa_size-56-5","18":"pa_size-230","19":"pa_size-245","20":"product_brand-essential","22":"first","23":"instock","24":"sale","25":"taxable","26":"shipping-taxable","27":"purchasable","28":"product-type-variable","29":"rtwpvs-product"},"_links":{"self":[{"href":"https:\/\/a-patch.com\/lv\/wp-json\/wp\/v2\/product\/14354","targetHints":{"allow":["GET"]}}],"collection":[{"href":"https:\/\/a-patch.com\/lv\/wp-json\/wp\/v2\/product"}],"about":[{"href":"https:\/\/a-patch.com\/lv\/wp-json\/wp\/v2\/types\/product"}],"replies":[{"embeddable":true,"href":"https:\/\/a-patch.com\/lv\/wp-json\/wp\/v2\/comments?post=14354"}],"wp:featuredmedia":[{"embeddable":true,"href":"https:\/\/a-patch.com\/lv\/wp-json\/wp\/v2\/media\/14191"}],"wp:attachment":[{"href":"https:\/\/a-patch.com\/lv\/wp-json\/wp\/v2\/media?parent=14354"}],"wp:term":[{"taxonomy":"product_cat","embeddable":true,"href":"https:\/\/a-patch.com\/lv\/wp-json\/wp\/v2\/product_cat?post=14354"},{"taxonomy":"product_tag","embeddable":true,"href":"https:\/\/a-patch.com\/lv\/wp-json\/wp\/v2\/product_tag?post=14354"}],"curies":[{"name":"wp","href":"https:\/\/api.w.org\/{rel}","templated":true}]}}