{"id":14230,"date":"2025-03-07T11:56:24","date_gmt":"2025-03-07T09:56:24","guid":{"rendered":"https:\/\/a-patch.com\/?post_type=product&#038;p=14230"},"modified":"2026-04-09T16:13:35","modified_gmt":"2026-04-09T13:13:35","slug":"newtons-cap-perforated-single-tone-imperial-red","status":"publish","type":"product","link":"https:\/\/a-patch.com\/lv\/produkts\/newtons-cap-perforated-single-tone-imperial-red\/","title":{"rendered":"NEWTON\u2019S CAP \u2013 PERFORATED Imperial Red"},"content":{"rendered":"","protected":false},"excerpt":{"rendered":"<p>Galvenais izmantotais materi\u0101ls ir augst\u0101k\u0101s kvalit\u0101tes gabard\u012bns, kas paz\u012bstams ar savu \u012bpa\u0161o \u012bpa\u0161\u012bbu kombin\u0101ciju \u2013 viegls un pat\u012bkams piesk\u0101riens, bet vienlaikus iztur\u012bgs, praktisks un elpojo\u0161s.<br \/>\nL\u0101zera griezuma perfor\u0101cija s\u0101nu un aizmugures pane\u013cos, lai uzlabotu ventil\u0101ciju \u2013 apvienojot re\u017e\u0123a funkcionalit\u0101ti ar augstv\u0113rt\u012bgu izskatu.<\/p>\n<p class=\"translation-block\">NEWton\u2019s cepure \u2013 klasiska un neapstr\u012bdama k\u0101 pati gravit\u0101cija. Izliekts nadzi\u0146\u0161 un gluda forma pie\u0161\u0137ir izskatu, kas piem\u0113rots gandr\u012bz jebkuram stilam \u2013 gan ikdienai, gan \u012bpa\u0161iem dz\u012bves mirk\u013ciem.<\/p>\n<p>Materi\u0101li:<\/p>\n<table>\n<tbody>\n<tr>\n<td>Pamatmateri\u0101ls<\/td>\n<td class=\"color-square red\">Gabard\u012bns, 100% poliesters<br \/>\nKr\u0101sa \u2013 imperi\u0101li sarkana<\/td>\n<\/tr>\n<tr>\n<td>Nags<\/td>\n<td class=\"color-square red\">Gabard\u012bns, 100% poliesters<br \/>\nKr\u0101sa \u2013 imperi\u0101li sarkana<\/td>\n<\/tr>\n<tr>\n<td>Sviedru josla<\/td>\n<td class=\"color-square black\">100% kokvilna<br \/>\nKr\u0101sa \u2013 melna<\/td>\n<\/tr>\n<tr>\n<td colspan=\"2\"><em>L\u016bdzu, \u0146emiet v\u0113r\u0101: produkta kr\u0101sa var at\u0161\u0137irties atkar\u012bb\u0101 no ekr\u0101na iestat\u012bjumiem un apk\u0101rt\u0113j\u0101s apgaismojuma.<\/em><\/td>\n<\/tr>\n<\/tbody>\n<\/table>","protected":false},"featured_media":14149,"comment_status":"closed","ping_status":"closed","template":"","meta":[],"product_cat":[210,211,215,248],"product_tag":[235,237,262,264],"class_list":{"0":"post-14230","1":"product","2":"type-product","3":"status-publish","4":"has-post-thumbnail","6":"product_cat-newtons-cap","7":"product_cat-newtons-cap-single-tone","8":"product_cat-newtons-cap-perforated","9":"product_cat-imperial-red","10":"product_tag-caps","11":"product_tag-imperial-red","12":"product_tag-newtons","13":"product_tag-perforated","14":"pa_color-imperial-red","15":"pa_size-56-5","16":"pa_size-230","17":"pa_size-245","18":"product_brand-essential","20":"first","21":"instock","22":"sale","23":"taxable","24":"shipping-taxable","25":"purchasable","26":"product-type-variable","27":"rtwpvs-product"},"_links":{"self":[{"href":"https:\/\/a-patch.com\/lv\/wp-json\/wp\/v2\/product\/14230","targetHints":{"allow":["GET"]}}],"collection":[{"href":"https:\/\/a-patch.com\/lv\/wp-json\/wp\/v2\/product"}],"about":[{"href":"https:\/\/a-patch.com\/lv\/wp-json\/wp\/v2\/types\/product"}],"replies":[{"embeddable":true,"href":"https:\/\/a-patch.com\/lv\/wp-json\/wp\/v2\/comments?post=14230"}],"wp:featuredmedia":[{"embeddable":true,"href":"https:\/\/a-patch.com\/lv\/wp-json\/wp\/v2\/media\/14149"}],"wp:attachment":[{"href":"https:\/\/a-patch.com\/lv\/wp-json\/wp\/v2\/media?parent=14230"}],"wp:term":[{"taxonomy":"product_cat","embeddable":true,"href":"https:\/\/a-patch.com\/lv\/wp-json\/wp\/v2\/product_cat?post=14230"},{"taxonomy":"product_tag","embeddable":true,"href":"https:\/\/a-patch.com\/lv\/wp-json\/wp\/v2\/product_tag?post=14230"}],"curies":[{"name":"wp","href":"https:\/\/api.w.org\/{rel}","templated":true}]}}