{"id":14101,"date":"2025-03-26T12:55:53","date_gmt":"2025-03-26T10:55:53","guid":{"rendered":"https:\/\/a-patch.com\/?post_type=product&#038;p=14101"},"modified":"2026-04-09T15:55:51","modified_gmt":"2026-04-09T12:55:51","slug":"darwin-cepure-divtonu-saciksu-zala-un-melna-krasa","status":"publish","type":"product","link":"https:\/\/a-patch.com\/lv\/produkts\/darwin-cepure-divtonu-saciksu-zala-un-melna-krasa\/","title":{"rendered":"DARWIN\u2019S CAP \u2013 RACING GREEN AND JET BLACK"},"content":{"rendered":"","protected":false},"excerpt":{"rendered":"<p>DarWIN`s cepure \u2013 taisns nags un kro\u0146a forma \u2013 uzvar\u0113t\u0101ja stils. Le\u0123endas nepiedzimst, t\u0101s aug caur evol\u016bciju. Stils, kas piest\u0101v gan ikdienas t\u0113lam, gan biznesa kost\u012bmam.<\/p>\n<p>Materi\u0101li:<\/p>\n<table>\n<tbody>\n<tr>\n<td>Pamatmateri\u0101ls<\/td>\n<td class=\"color-square black\">Gabard\u012bns, 100% poliesters<br \/>\nColor &#8211; Racing \/ Jet Black<\/td>\n<\/tr>\n<tr>\n<td>Nags<\/td>\n<td class=\"color-square green\">Gabard\u012bns, 100% poliesters<br \/>\nColor &#8211; Sea Grey<\/td>\n<\/tr>\n<tr>\n<td>Sviedru josla<\/td>\n<td class=\"color-square black\">100% kokvilna<br \/>\nKr\u0101sa \u2013 melna<\/td>\n<\/tr>\n<tr>\n<td colspan=\"2\"><em>L\u016bdzu, \u0146emiet v\u0113r\u0101: produkta kr\u0101sa var at\u0161\u0137irties atkar\u012bb\u0101 no ekr\u0101na iestat\u012bjumiem un apk\u0101rt\u0113j\u0101s apgaismojuma.<\/em><\/td>\n<\/tr>\n<\/tbody>\n<\/table>","protected":false},"featured_media":14102,"comment_status":"closed","ping_status":"closed","template":"","meta":[],"product_cat":[216,217,250,254],"product_tag":[],"class_list":{"0":"post-14101","1":"product","2":"type-product","3":"status-publish","4":"has-post-thumbnail","6":"product_cat-darwins-cap","7":"product_cat-darwins-cap-dual-tone","8":"product_cat-jet-black","9":"product_cat-racing-green","10":"pa_color-jet-black","11":"pa_color-racing-green","12":"pa_size-56-5","13":"pa_size-230","14":"pa_size-245","15":"product_brand-essential","17":"first","18":"instock","19":"taxable","20":"shipping-taxable","21":"purchasable","22":"product-type-variable","23":"rtwpvs-product"},"_links":{"self":[{"href":"https:\/\/a-patch.com\/lv\/wp-json\/wp\/v2\/product\/14101","targetHints":{"allow":["GET"]}}],"collection":[{"href":"https:\/\/a-patch.com\/lv\/wp-json\/wp\/v2\/product"}],"about":[{"href":"https:\/\/a-patch.com\/lv\/wp-json\/wp\/v2\/types\/product"}],"replies":[{"embeddable":true,"href":"https:\/\/a-patch.com\/lv\/wp-json\/wp\/v2\/comments?post=14101"}],"wp:featuredmedia":[{"embeddable":true,"href":"https:\/\/a-patch.com\/lv\/wp-json\/wp\/v2\/media\/14102"}],"wp:attachment":[{"href":"https:\/\/a-patch.com\/lv\/wp-json\/wp\/v2\/media?parent=14101"}],"wp:term":[{"taxonomy":"product_cat","embeddable":true,"href":"https:\/\/a-patch.com\/lv\/wp-json\/wp\/v2\/product_cat?post=14101"},{"taxonomy":"product_tag","embeddable":true,"href":"https:\/\/a-patch.com\/lv\/wp-json\/wp\/v2\/product_tag?post=14101"}],"curies":[{"name":"wp","href":"https:\/\/api.w.org\/{rel}","templated":true}]}}