{"id":13764,"date":"2024-11-01T15:40:56","date_gmt":"2024-11-01T13:40:56","guid":{"rendered":"https:\/\/apatch.dpmg.ch\/?post_type=product&#038;p=13764"},"modified":"2026-04-28T22:04:35","modified_gmt":"2026-04-28T19:04:35","slug":"darwins-cap-single-tone-sea-grey-with-blue-inner-lining","status":"publish","type":"product","link":"https:\/\/a-patch.com\/lv\/produkts\/darwins-cap-single-tone-sea-grey-with-blue-inner-lining\/","title":{"rendered":"DarWIN&#8217;s Cap &#8211; Sea Grey with blue inner lining"},"content":{"rendered":"","protected":false},"excerpt":{"rendered":"<p>Galvenais izmantotais materi\u0101ls ir augst\u0101k\u0101s kvalit\u0101tes gabard\u012bns, kas paz\u012bstams ar savu \u012bpa\u0161o \u012bpa\u0161\u012bbu kombin\u0101ciju \u2013 viegls un pat\u012bkams piesk\u0101riens, bet vienlaikus iztur\u012bgs, praktisks un elpojo\u0161s.<\/p>\n<p>DarWIN`s cepure \u2013 taisns nags un kro\u0146a forma \u2013 uzvar\u0113t\u0101ja stils. Le\u0123endas nepiedzimst, t\u0101s aug caur evol\u016bciju. Stils, kas piest\u0101v gan ikdienas t\u0113lam, gan biznesa kost\u012bmam.<\/p>\n<p>Materi\u0101li:<\/p>\n<table>\n<tbody>\n<tr>\n<td>Pamatmateri\u0101ls<\/td>\n<td class=\"color-square grey\">Gabard\u012bns, 100% poliesters<br \/>\nColor &#8211; Sea Grey<\/td>\n<\/tr>\n<tr>\n<td>Nags<\/td>\n<td class=\"color-square grey\">Gabard\u012bns, 100% poliesters<br \/>\nColor &#8211; Sea Grey<\/td>\n<\/tr>\n<tr>\n<td>Oder\u0113jums<\/td>\n<td class=\"color-square blue\">100% kokvilna<br \/>\nColor &#8211; Blue<\/td>\n<\/tr>\n<tr>\n<td>Sviedru josla<\/td>\n<td class=\"color-square black\">100% kokvilna<br \/>\nKr\u0101sa \u2013 melna<\/td>\n<\/tr>\n<tr>\n<td colspan=\"2\"><em>L\u016bdzu, \u0146emiet v\u0113r\u0101: produkta kr\u0101sa var at\u0161\u0137irties atkar\u012bb\u0101 no ekr\u0101na iestat\u012bjumiem un apk\u0101rt\u0113j\u0101s apgaismojuma.<\/em><\/td>\n<\/tr>\n<\/tbody>\n<\/table>","protected":false},"featured_media":13636,"comment_status":"closed","ping_status":"closed","template":"","meta":[],"product_cat":[216,222,256],"product_tag":[235,236,249,257],"class_list":{"0":"post-13764","1":"product","2":"type-product","3":"status-publish","4":"has-post-thumbnail","6":"product_cat-darwins-cap","7":"product_cat-darwins-cap-single-tone","8":"product_cat-sea-grey","9":"product_tag-caps","10":"product_tag-darwins","11":"product_tag-inner-lining","12":"product_tag-sea-grey","13":"pa_color-sea-grey","14":"pa_size-56-5","15":"pa_size-230","16":"product_brand-essential","18":"first","19":"outofstock","20":"sale","21":"taxable","22":"shipping-taxable","23":"purchasable","24":"product-type-variable","25":"rtwpvs-product"},"_links":{"self":[{"href":"https:\/\/a-patch.com\/lv\/wp-json\/wp\/v2\/product\/13764","targetHints":{"allow":["GET"]}}],"collection":[{"href":"https:\/\/a-patch.com\/lv\/wp-json\/wp\/v2\/product"}],"about":[{"href":"https:\/\/a-patch.com\/lv\/wp-json\/wp\/v2\/types\/product"}],"replies":[{"embeddable":true,"href":"https:\/\/a-patch.com\/lv\/wp-json\/wp\/v2\/comments?post=13764"}],"wp:featuredmedia":[{"embeddable":true,"href":"https:\/\/a-patch.com\/lv\/wp-json\/wp\/v2\/media\/13636"}],"wp:attachment":[{"href":"https:\/\/a-patch.com\/lv\/wp-json\/wp\/v2\/media?parent=13764"}],"wp:term":[{"taxonomy":"product_cat","embeddable":true,"href":"https:\/\/a-patch.com\/lv\/wp-json\/wp\/v2\/product_cat?post=13764"},{"taxonomy":"product_tag","embeddable":true,"href":"https:\/\/a-patch.com\/lv\/wp-json\/wp\/v2\/product_tag?post=13764"}],"curies":[{"name":"wp","href":"https:\/\/api.w.org\/{rel}","templated":true}]}}