{"id":13749,"date":"2024-11-01T14:16:58","date_gmt":"2024-11-01T12:16:58","guid":{"rendered":"https:\/\/apatch.dpmg.ch\/?post_type=product&#038;p=13749"},"modified":"2026-04-09T16:06:42","modified_gmt":"2026-04-09T13:06:42","slug":"darvins-cepure-viena-tona-millennium-navy","status":"publish","type":"product","link":"https:\/\/a-patch.com\/lv\/produkts\/darvins-cepure-viena-tona-millennium-navy\/","title":{"rendered":"DarWIN&#8217;s Cap &#8211; Millennium Navy"},"content":{"rendered":"","protected":false},"excerpt":{"rendered":"<p>Galvenais izmantotais materi\u0101ls ir augst\u0101k\u0101s kvalit\u0101tes gabard\u012bns, kas paz\u012bstams ar savu \u012bpa\u0161o \u012bpa\u0161\u012bbu kombin\u0101ciju \u2013 viegls un pat\u012bkams piesk\u0101riens, bet vienlaikus iztur\u012bgs, praktisks un elpojo\u0161s.<\/p>\n<p>DarWIN`s cepure \u2013 taisns nags un kro\u0146a forma \u2013 uzvar\u0113t\u0101ja stils. Le\u0123endas nepiedzimst, t\u0101s aug caur evol\u016bciju. Stils, kas piest\u0101v gan ikdienas t\u0113lam, gan biznesa kost\u012bmam.<\/p>\n<p>Materi\u0101li:<\/p>\n<table>\n<tbody>\n<tr>\n<td>Pamatmateri\u0101ls<\/td>\n<td class=\"color-square blue\">Gabard\u012bns, 100% poliesters<br \/>\nColor &#8211; Millennium Navy<\/td>\n<\/tr>\n<tr>\n<td>Nags<\/td>\n<td class=\"color-square blue\">Gabard\u012bns, 100% poliesters<br \/>\nColor &#8211; Millennium Navy<\/td>\n<\/tr>\n<tr>\n<td>Sviedru josla<\/td>\n<td class=\"color-square black\">100% kokvilna<br \/>\nKr\u0101sa \u2013 melna<\/td>\n<\/tr>\n<tr>\n<td colspan=\"2\"><em>L\u016bdzu, \u0146emiet v\u0113r\u0101: produkta kr\u0101sa var at\u0161\u0137irties atkar\u012bb\u0101 no ekr\u0101na iestat\u012bjumiem un apk\u0101rt\u0113j\u0101s apgaismojuma.<\/em><\/td>\n<\/tr>\n<\/tbody>\n<\/table>","protected":false},"featured_media":13628,"comment_status":"closed","ping_status":"closed","template":"","meta":[],"product_cat":[216,222,252],"product_tag":[235,236,253],"class_list":{"0":"post-13749","1":"product","2":"type-product","3":"status-publish","4":"has-post-thumbnail","6":"product_cat-darwins-cap","7":"product_cat-darwins-cap-single-tone","8":"product_cat-millennium-navy","9":"product_tag-caps","10":"product_tag-darwins","11":"product_tag-millennium-navy","12":"pa_color-millennium-navy","13":"pa_size-56-5","14":"pa_size-230","15":"pa_size-245","16":"product_brand-essential","18":"first","19":"instock","20":"taxable","21":"shipping-taxable","22":"purchasable","23":"product-type-variable","24":"rtwpvs-product"},"_links":{"self":[{"href":"https:\/\/a-patch.com\/lv\/wp-json\/wp\/v2\/product\/13749","targetHints":{"allow":["GET"]}}],"collection":[{"href":"https:\/\/a-patch.com\/lv\/wp-json\/wp\/v2\/product"}],"about":[{"href":"https:\/\/a-patch.com\/lv\/wp-json\/wp\/v2\/types\/product"}],"replies":[{"embeddable":true,"href":"https:\/\/a-patch.com\/lv\/wp-json\/wp\/v2\/comments?post=13749"}],"wp:featuredmedia":[{"embeddable":true,"href":"https:\/\/a-patch.com\/lv\/wp-json\/wp\/v2\/media\/13628"}],"wp:attachment":[{"href":"https:\/\/a-patch.com\/lv\/wp-json\/wp\/v2\/media?parent=13749"}],"wp:term":[{"taxonomy":"product_cat","embeddable":true,"href":"https:\/\/a-patch.com\/lv\/wp-json\/wp\/v2\/product_cat?post=13749"},{"taxonomy":"product_tag","embeddable":true,"href":"https:\/\/a-patch.com\/lv\/wp-json\/wp\/v2\/product_tag?post=13749"}],"curies":[{"name":"wp","href":"https:\/\/api.w.org\/{rel}","templated":true}]}}