{"id":16879,"date":"2026-03-05T10:22:07","date_gmt":"2026-03-05T08:22:07","guid":{"rendered":"https:\/\/a-patch.com\/?post_type=product&#038;p=16879"},"modified":"2026-03-11T08:47:17","modified_gmt":"2026-03-11T06:47:17","slug":"newtons-cap-super-lacplesis","status":"publish","type":"product","link":"https:\/\/a-patch.com\/de\/produkt\/newtons-cap-super-lacplesis\/","title":{"rendered":"NEWton&#8217;s Cap &#8211; Super L\u0101\u010dpl\u0113sis"},"content":{"rendered":"","protected":false},"excerpt":{"rendered":"<p data-start=\"149\" data-end=\"249\" class=\"translation-block\">Die Super L\u0101\u010dpl\u0113sis Cap ist eine kraftvolle Kombination aus lettischer Epik und moderner Comic-Art.<\/p>\n<p data-start=\"251\" data-end=\"531\">The design is inspired by the legendary hero <strong data-start=\"296\" data-end=\"309\">L\u0101\u010dpl\u0113sis<\/strong> Das Design ist vom legend\u00e4ren Helden L\u0101\u010dpl\u0113sis inspiriert \u2014 einem Symbol f\u00fcr St\u00e4rke, Mut und den Schutz der eigenen Heimat. Die gesamte Oberfl\u00e4che der Cap ist mit dynamischen Szenen im Comic-Stil bedeckt: der Held im Kampf, epische Konfrontationen und die erhobene lettische Flagge.<\/p>\n<p data-start=\"533\" data-end=\"683\" class=\"translation-block\">Die bordeauxrote Farbe der lettischen Flagge bleibt der einzige farbliche Akzent in der schwarz-wei\u00dfen Grafik und macht das Design besonders kraftvoll und ausdrucksstark.<\/p>\n<p data-start=\"661\" data-end=\"714\">Entworfen und produziert von A-Patch Custom Headwear. <strong data-start=\"686\" data-end=\"713\">A-Patch Custom Headwear<\/strong>.<\/p>\n<p class=\"translation-block\"><span style=\"font-family: 'arial black', sans-serif;font-size: 14pt\">NEWton\u2019s Cap \u2013 klassisch und unumstritten wie die Schwerkraft selbst. <span style=\"color: #800000\">Gebogener Schirm<\/span> und eine klare Form sorgen f\u00fcr einen Look, der zu nahezu jedem Stil passt \u2013 ob f\u00fcr den Alltag oder besondere <\/span><br><span style=\"font-family: 'arial black', sans-serif;font-size: 14pt\">Momente Ihres Lebens.<\/span><\/p>\n<p>Materialien:<\/p>\n<table>\n<tbody>\n<tr>\n<td>Hauptstoff<\/td>\n<td class=\"color-square\">Gabardine 100% Polyester<br \/>\nColor &#8211; Mohochrome<\/td>\n<\/tr>\n<tr>\n<td>Visier<\/td>\n<td class=\"color-square\">Gabardine 100% Polyester<br \/>\nColor &#8211; Mohochrome<\/td>\n<\/tr>\n<tr>\n<td>Innenfutter<\/td>\n<td class=\"color-square\">Gabardine 100% Polyester<br \/>\nColor &#8211; Jet Black<\/td>\n<\/tr>\n<tr>\n<td>Schwei\u00dfband<\/td>\n<td class=\"color-square\">100% Baumwolle<br \/>\nFarbe - Schwarz<\/td>\n<\/tr>\n<tr>\n<td colspan=\"2\"><em>Bitte beachten Sie: Die Produktfarbe kann je nach Bildschirmeinstellung und Umgebungslicht variieren.<\/em><\/td>\n<\/tr>\n<\/tbody>\n<\/table>","protected":false},"featured_media":16882,"comment_status":"open","ping_status":"closed","template":"","meta":[],"product_cat":[210,260],"product_tag":[266,235,274,249,275,262],"class_list":{"0":"post-16879","1":"product","2":"type-product","3":"status-publish","4":"has-post-thumbnail","6":"product_cat-newtons-cap","7":"product_cat-newtons-cap-custom-design","8":"product_tag-a-patch","9":"product_tag-caps","10":"product_tag-custom","11":"product_tag-inner-lining","12":"product_tag-latvia","13":"product_tag-newtons","14":"pa_color-multicolor","15":"pa_size-56-5","16":"pa_size-230","17":"product_brand-latvia","19":"first","20":"instock","21":"taxable","22":"shipping-taxable","23":"purchasable","24":"product-type-variable","25":"rtwpvs-product"},"_links":{"self":[{"href":"https:\/\/a-patch.com\/de\/wp-json\/wp\/v2\/product\/16879","targetHints":{"allow":["GET"]}}],"collection":[{"href":"https:\/\/a-patch.com\/de\/wp-json\/wp\/v2\/product"}],"about":[{"href":"https:\/\/a-patch.com\/de\/wp-json\/wp\/v2\/types\/product"}],"replies":[{"embeddable":true,"href":"https:\/\/a-patch.com\/de\/wp-json\/wp\/v2\/comments?post=16879"}],"wp:featuredmedia":[{"embeddable":true,"href":"https:\/\/a-patch.com\/de\/wp-json\/wp\/v2\/media\/16882"}],"wp:attachment":[{"href":"https:\/\/a-patch.com\/de\/wp-json\/wp\/v2\/media?parent=16879"}],"wp:term":[{"taxonomy":"product_cat","embeddable":true,"href":"https:\/\/a-patch.com\/de\/wp-json\/wp\/v2\/product_cat?post=16879"},{"taxonomy":"product_tag","embeddable":true,"href":"https:\/\/a-patch.com\/de\/wp-json\/wp\/v2\/product_tag?post=16879"}],"curies":[{"name":"wp","href":"https:\/\/api.w.org\/{rel}","templated":true}]}}