{"id":16650,"date":"2026-01-20T17:14:20","date_gmt":"2026-01-20T15:14:20","guid":{"rendered":"https:\/\/a-patch.com\/?post_type=product&#038;p=16650"},"modified":"2026-04-18T09:58:43","modified_gmt":"2026-04-18T06:58:43","slug":"newtons-cap-red-split","status":"publish","type":"product","link":"https:\/\/a-patch.com\/de\/produkt\/newtons-cap-red-split\/","title":{"rendered":"NEWton&#8217;s Cap &#8211; Red Split"},"content":{"rendered":"","protected":false},"excerpt":{"rendered":"<p data-start=\"170\" data-end=\"376\">Moderne 6-Panel-Cap, die markantes Design, Komfort und Funktionalit\u00e4t vereint.<br data-start=\"240\" data-end=\"243\" \/>Ausgestattet mit zweifarbigem, gebogenem Schirm, pr\u00e4zise gesticktem A-Patch-Logo und lasergefertigten perforierten R\u00fcckpanels f\u00fcr verbesserte Atmungsaktivit\u00e4t.<br \/>\nAbgerundet durch gebrandete Innendetails und einen verstellbaren Snapback-Verschluss f\u00fcr einen bequemen und sicheren Sitz.<br \/>\n<strong data-start=\"484\" data-end=\"501\">Hauptmerkmale:<\/strong><\/p>\n<ul data-start=\"502\" data-end=\"659\">\n<li style=\"list-style-type: none;\">\n<ul data-start=\"502\" data-end=\"659\">\n<li data-start=\"502\" data-end=\"531\">\n<p data-start=\"504\" data-end=\"531\">Strukturierte 6-Panel-Konstruktion<\/p>\n<\/li>\n<li data-start=\"502\" data-end=\"531\">\n<p data-start=\"504\" data-end=\"531\">Hochwertige Frontstickerei<\/p>\n<\/li>\n<li data-start=\"502\" data-end=\"531\">\n<p data-start=\"504\" data-end=\"531\">Laserperforation an den R\u00fcckpaneelen<\/p>\n<\/li>\n<li data-start=\"502\" data-end=\"531\">\n<p data-start=\"504\" data-end=\"531\">Zweifarbiger, gebogener Schirm<\/p>\n<\/li>\n<li data-start=\"502\" data-end=\"531\">\n<p data-start=\"504\" data-end=\"531\">Verstellbarer Snapback-Verschluss<\/p>\n<\/li>\n<\/ul>\n<\/li>\n<\/ul>\n<p data-start=\"661\" data-end=\"714\">Entworfen und produziert von A-Patch Custom Headwear. <strong data-start=\"686\" data-end=\"713\">A-Patch Custom Headwear<\/strong>.<\/p>\n<p class=\"translation-block\"><span style=\"font-family: 'arial black', sans-serif;font-size: 14pt\">NEWton\u2019s Cap \u2013 klassisch und unumstritten wie die Schwerkraft selbst. <span style=\"color: #800000\">Gebogener Schirm<\/span> und eine klare Form sorgen f\u00fcr einen Look, der zu nahezu jedem Stil passt \u2013 ob f\u00fcr den Alltag oder besondere <\/span><br><span style=\"font-family: 'arial black', sans-serif;font-size: 14pt\">Momente Ihres Lebens.<\/span><\/p>\n<p>Materialien:<\/p>\n<table>\n<tbody>\n<tr>\n<td>Hauptstoff<\/td>\n<td class=\"color-square\">Gabardine 100% Polyester<br \/>\nColor &#8211; Jet Black<\/td>\n<\/tr>\n<tr>\n<td>Visier<\/td>\n<td class=\"color-square\">Gabardine 100% Polyester<br \/>\nColor &#8211; Jet Black and Imperial Red<\/td>\n<\/tr>\n<tr>\n<td>Innenfutter<\/td>\n<td class=\"color-square\">Gabardine 100% Polyester<br \/>\nColor &#8211; Imperial Red<\/td>\n<\/tr>\n<tr>\n<td>Schwei\u00dfband<\/td>\n<td class=\"color-square\">100% Baumwolle<br \/>\nFarbe - Schwarz<\/td>\n<\/tr>\n<tr>\n<td colspan=\"2\"><em>Bitte beachten Sie: Die Produktfarbe kann je nach Bildschirmeinstellung und Umgebungslicht variieren.<\/em><\/td>\n<\/tr>\n<\/tbody>\n<\/table>","protected":false},"featured_media":16654,"comment_status":"open","ping_status":"closed","template":"","meta":[],"product_cat":[210,215,260,248,250],"product_tag":[266,235,274,249,262,264],"class_list":{"0":"post-16650","1":"product","2":"type-product","3":"status-publish","4":"has-post-thumbnail","6":"product_cat-newtons-cap","7":"product_cat-newtons-cap-perforated","8":"product_cat-newtons-cap-custom-design","9":"product_cat-imperial-red","10":"product_cat-jet-black","11":"product_tag-a-patch","12":"product_tag-caps","13":"product_tag-custom","14":"product_tag-inner-lining","15":"product_tag-newtons","16":"product_tag-perforated","17":"pa_color-imperial-red","18":"pa_color-jet-black","19":"pa_color-multicolor","20":"pa_size-230","21":"product_brand-a-patch","23":"first","24":"instock","25":"taxable","26":"shipping-taxable","27":"purchasable","28":"product-type-variable","29":"rtwpvs-product"},"_links":{"self":[{"href":"https:\/\/a-patch.com\/de\/wp-json\/wp\/v2\/product\/16650","targetHints":{"allow":["GET"]}}],"collection":[{"href":"https:\/\/a-patch.com\/de\/wp-json\/wp\/v2\/product"}],"about":[{"href":"https:\/\/a-patch.com\/de\/wp-json\/wp\/v2\/types\/product"}],"replies":[{"embeddable":true,"href":"https:\/\/a-patch.com\/de\/wp-json\/wp\/v2\/comments?post=16650"}],"wp:featuredmedia":[{"embeddable":true,"href":"https:\/\/a-patch.com\/de\/wp-json\/wp\/v2\/media\/16654"}],"wp:attachment":[{"href":"https:\/\/a-patch.com\/de\/wp-json\/wp\/v2\/media?parent=16650"}],"wp:term":[{"taxonomy":"product_cat","embeddable":true,"href":"https:\/\/a-patch.com\/de\/wp-json\/wp\/v2\/product_cat?post=16650"},{"taxonomy":"product_tag","embeddable":true,"href":"https:\/\/a-patch.com\/de\/wp-json\/wp\/v2\/product_tag?post=16650"}],"curies":[{"name":"wp","href":"https:\/\/api.w.org\/{rel}","templated":true}]}}