{"id":16483,"date":"2025-11-26T13:45:08","date_gmt":"2025-11-26T11:45:08","guid":{"rendered":"https:\/\/a-patch.com\/?post_type=product&#038;p=16483"},"modified":"2026-04-10T14:44:11","modified_gmt":"2026-04-10T11:44:11","slug":"newtons-cap-bertans","status":"publish","type":"product","link":"https:\/\/a-patch.com\/de\/produkt\/newtons-cap-bertans\/","title":{"rendered":"NEWton&#8217;s Cap &#8211; BERTANS"},"content":{"rendered":"","protected":false},"excerpt":{"rendered":"<p class=\"translation-block\"><strong>DIE KOLLEKTION<\/strong><br>\nIn einem kr\u00e4ftigen, tiefen Burgunderton gefertigt und mit der ikonischen Nummer 9 versehen \u2013 diese Cap steht f\u00fcr St\u00e4rke, Pr\u00e4zision und die Rolle eines echten Game-Changers. Wei\u00dfe N\u00e4hte schaffen einen klaren Kontrast und ein scharfes, sauberes Finish.<\/p>\n<p class=\"translation-block\"><strong>DIE GESCHICHTE<\/strong><br>\nBurgund steht f\u00fcr Intensit\u00e4t und Leidenschaft. Die Nummer 9 symbolisiert Instinkt und Mut. Die wei\u00dfen F\u00e4den vereinen das Design und stehen f\u00fcr Disziplin, Klarheit und den Fokus, der n\u00f6tig ist, um besondere Momente zu schaffen.<\/p>\n<p class=\"translation-block\"><strong>DIE WIRKUNG<\/strong><br>\nMehr als nur ein Sammlerst\u00fcck. Sie ist eine Hommage an nationalen Stolz, pers\u00f6nliche Geschichte und die besondere Verbindung zwischen Spieler und Fans. Eine Erinnerung daran, was es bedeutet, Jahr f\u00fcr Jahr f\u00fcr sein Land einzustehen.<\/p>\n<p>Der Hauptstoff ist Gabardine in Top-Qualit\u00e4t, der f\u00fcr seinen Mix aus Eigenschaften bekannt ist: leicht und angenehm im Griff, aber dennoch robust, praktisch und atmungsaktiv.<\/p>\n<p class=\"translation-block\"><span style=\"font-family: 'arial black', sans-serif;font-size: 14pt\">NEWton\u2019s Cap \u2013 klassisch und unumstritten wie die Schwerkraft selbst. <span style=\"color: #800000\">Gebogener Schirm<\/span> und eine klare Form sorgen f\u00fcr einen Look, der zu nahezu jedem Stil passt \u2013 ob f\u00fcr den Alltag oder besondere <\/span><br><span style=\"font-family: 'arial black', sans-serif;font-size: 14pt\">Momente Ihres Lebens.<\/span><\/p>\n<p>Materialien:<\/p>\n<table>\n<tbody>\n<tr>\n<td>Hauptstoff<\/td>\n<td class=\"color-square bordo\">Gabardine 100% Polyester<br \/>\nColor &#8211; Latvian Bordo<\/td>\n<\/tr>\n<tr>\n<td>Visier<\/td>\n<td class=\"color-square bordo\">Gabardine 100% Polyester<br \/>\nColor &#8211; Latvian Bordo<\/td>\n<\/tr>\n<tr>\n<td>Innenfutter<\/td>\n<td class=\"color-square multi\">Antibacterial sports fabric 100% polyester<br \/>\nColor &#8211; Multicolor<\/td>\n<\/tr>\n<tr>\n<td>Schwei\u00dfband<\/td>\n<td class=\"color-square black\">100% Baumwolle<br \/>\nFarbe - Schwarz<\/td>\n<\/tr>\n<tr>\n<td colspan=\"2\"><em>Bitte beachten Sie: Die Produktfarbe kann je nach Bildschirmeinstellung und Umgebungslicht variieren.<\/em><\/td>\n<\/tr>\n<\/tbody>\n<\/table>","protected":false},"featured_media":16500,"comment_status":"open","ping_status":"closed","template":"","meta":[],"product_cat":[281,210,260],"product_tag":[266,282,235,274,249,262],"class_list":{"0":"post-16483","1":"product","2":"type-product","3":"status-publish","4":"has-post-thumbnail","6":"product_cat-latvian-bordo","7":"product_cat-newtons-cap","8":"product_cat-newtons-cap-custom-design","9":"product_tag-a-patch","10":"product_tag-bordo","11":"product_tag-caps","12":"product_tag-custom","13":"product_tag-inner-lining","14":"product_tag-newtons","15":"pa_color-latvian-bordo","16":"pa_color-multicolor","17":"pa_size-230","18":"product_brand-basketball","19":"product_brand-dairis-bertans","21":"first","22":"instock","23":"taxable","24":"shipping-taxable","25":"purchasable","26":"product-type-variable","27":"rtwpvs-product"},"_links":{"self":[{"href":"https:\/\/a-patch.com\/de\/wp-json\/wp\/v2\/product\/16483","targetHints":{"allow":["GET"]}}],"collection":[{"href":"https:\/\/a-patch.com\/de\/wp-json\/wp\/v2\/product"}],"about":[{"href":"https:\/\/a-patch.com\/de\/wp-json\/wp\/v2\/types\/product"}],"replies":[{"embeddable":true,"href":"https:\/\/a-patch.com\/de\/wp-json\/wp\/v2\/comments?post=16483"}],"wp:featuredmedia":[{"embeddable":true,"href":"https:\/\/a-patch.com\/de\/wp-json\/wp\/v2\/media\/16500"}],"wp:attachment":[{"href":"https:\/\/a-patch.com\/de\/wp-json\/wp\/v2\/media?parent=16483"}],"wp:term":[{"taxonomy":"product_cat","embeddable":true,"href":"https:\/\/a-patch.com\/de\/wp-json\/wp\/v2\/product_cat?post=16483"},{"taxonomy":"product_tag","embeddable":true,"href":"https:\/\/a-patch.com\/de\/wp-json\/wp\/v2\/product_tag?post=16483"}],"curies":[{"name":"wp","href":"https:\/\/api.w.org\/{rel}","templated":true}]}}