{"id":16011,"date":"2025-08-26T17:13:23","date_gmt":"2025-08-26T14:13:23","guid":{"rendered":"https:\/\/a-patch.com\/?post_type=product&#038;p=16011"},"modified":"2026-04-09T15:26:34","modified_gmt":"2026-04-09T12:26:34","slug":"onlyvan-keyring","status":"publish","type":"product","link":"https:\/\/a-patch.com\/de\/produkt\/onlyvan-keyring\/","title":{"rendered":"Onlyvan &#8211; Keyring"},"content":{"rendered":"","protected":false},"excerpt":{"rendered":"<p class=\"translation-block\">ONLYVAN Schl\u00fcsselanh\u00e4nger im Kennzeichen-Design\nHebe dich ab mit diesem einzigartigen, beidseitig bestickten Schl\u00fcsselanh\u00e4nger im Stil eines norwegischen Kennzeichens. Robust, farbenfroh und stilvoll \u2013 das perfekte Accessoire f\u00fcr deine Schl\u00fcssel, Tasche oder den Innenraum deines Autos. Ein Must-Have-Sammlerst\u00fcck f\u00fcr alle ONLYVAN-Fans.<\/p>","protected":false},"featured_media":16012,"comment_status":"closed","ping_status":"closed","template":"","meta":[],"product_cat":[307,306],"product_tag":[],"class_list":{"0":"post-16011","1":"product","2":"type-product","3":"status-publish","4":"has-post-thumbnail","6":"product_cat-accessories","7":"product_cat-keyrings","8":"product_brand-motorsports","9":"product_brand-onlyvan","11":"first","12":"instock","13":"taxable","14":"shipping-taxable","15":"purchasable","16":"product-type-simple"},"_links":{"self":[{"href":"https:\/\/a-patch.com\/de\/wp-json\/wp\/v2\/product\/16011","targetHints":{"allow":["GET"]}}],"collection":[{"href":"https:\/\/a-patch.com\/de\/wp-json\/wp\/v2\/product"}],"about":[{"href":"https:\/\/a-patch.com\/de\/wp-json\/wp\/v2\/types\/product"}],"replies":[{"embeddable":true,"href":"https:\/\/a-patch.com\/de\/wp-json\/wp\/v2\/comments?post=16011"}],"wp:featuredmedia":[{"embeddable":true,"href":"https:\/\/a-patch.com\/de\/wp-json\/wp\/v2\/media\/16012"}],"wp:attachment":[{"href":"https:\/\/a-patch.com\/de\/wp-json\/wp\/v2\/media?parent=16011"}],"wp:term":[{"taxonomy":"product_cat","embeddable":true,"href":"https:\/\/a-patch.com\/de\/wp-json\/wp\/v2\/product_cat?post=16011"},{"taxonomy":"product_tag","embeddable":true,"href":"https:\/\/a-patch.com\/de\/wp-json\/wp\/v2\/product_tag?post=16011"}],"curies":[{"name":"wp","href":"https:\/\/api.w.org\/{rel}","templated":true}]}}