{"id":15792,"date":"2025-07-30T11:15:53","date_gmt":"2025-07-30T08:15:53","guid":{"rendered":"https:\/\/a-patch.com\/?post_type=product&#038;p=15792"},"modified":"2026-04-10T14:38:33","modified_gmt":"2026-04-10T11:38:33","slug":"aries-zodiac-newtons-cap","status":"publish","type":"product","link":"https:\/\/a-patch.com\/de\/produkt\/aries-zodiac-newtons-cap\/","title":{"rendered":"Aries Zodiac &#8211; NEWton&#8217;s Cap"},"content":{"rendered":"","protected":false},"excerpt":{"rendered":"<p>Die Zodiac-Cap-Kollektion vereint hochwertige Stickereien jedes Sternzeichens, einen Zodiak-Kreis-Print unter dem Schirm, ein goldenes Futter, das das Mondlicht symbolisiert, die Stickerei deines Sternbildes und einen Schirm, der mit f\u00fcnf dunkelblauen N\u00e4hten verziert ist, die das Schimmern des Nachthimmels widerspiegeln. Ein stilvoller Weg, deine Individualit\u00e4t und deine kosmische Verbundenheit zu betonen.<\/p>\n<p>Der Hauptstoff ist Gabardine in Top-Qualit\u00e4t, der f\u00fcr seinen Mix aus Eigenschaften bekannt ist: leicht und angenehm im Griff, aber dennoch robust, praktisch und atmungsaktiv.<\/p>\n<p class=\"translation-block\"><span style=\"font-family: 'arial black', sans-serif;font-size: 14pt\">NEWton\u2019s Cap \u2013 klassisch und unumstritten wie die Schwerkraft selbst. <span style=\"color: #800000\">Gebogener Schirm<\/span> und eine klare Form sorgen f\u00fcr einen Look, der zu nahezu jedem Stil passt \u2013 ob f\u00fcr den Alltag oder besondere <\/span><br><span style=\"font-family: 'arial black', sans-serif;font-size: 14pt\">Momente Ihres Lebens.<\/span><\/p>\n<p>Materialien:<\/p>\n<table>\n<tbody>\n<tr>\n<td>Hauptstoff<\/td>\n<td class=\"color-square blue\">Gabardine 100% Polyester<br \/>\nColor &#8211; Millennium Navy<\/td>\n<\/tr>\n<tr>\n<td>Visier<\/td>\n<td class=\"color-square blue\">Gabardine 100% Polyester<br \/>\nColor &#8211; Millennium Navy<\/td>\n<\/tr>\n<tr>\n<td>Innenfutter<\/td>\n<td class=\"color-square gold\">Gabardine 100% Polyester<br \/>\nColor &#8211; Sunny Gold<\/td>\n<\/tr>\n<tr>\n<td>Schwei\u00dfband<\/td>\n<td class=\"color-square black\">100% Baumwolle<br \/>\nFarbe - Schwarz<\/td>\n<\/tr>\n<tr>\n<td colspan=\"2\"><em>Bitte beachten Sie: Die Produktfarbe kann je nach Bildschirmeinstellung und Umgebungslicht variieren.<\/em><\/td>\n<\/tr>\n<\/tbody>\n<\/table>","protected":false},"featured_media":15795,"comment_status":"open","ping_status":"closed","template":"","meta":[],"product_cat":[288,304,210,260,252],"product_tag":[266,235,274,249,262,297],"class_list":{"0":"post-15792","1":"product","2":"type-product","3":"status-publish","4":"has-post-thumbnail","6":"product_cat-multicolor","7":"product_cat-zodiac","8":"product_cat-newtons-cap","9":"product_cat-newtons-cap-custom-design","10":"product_cat-millennium-navy","11":"product_tag-a-patch","12":"product_tag-caps","13":"product_tag-custom","14":"product_tag-inner-lining","15":"product_tag-newtons","16":"product_tag-zodiac","17":"pa_color-millennium-navy","18":"pa_color-multicolor","19":"pa_size-56-5","20":"pa_size-230","21":"product_brand-zodiac","23":"first","24":"instock","25":"sale","26":"taxable","27":"shipping-taxable","28":"purchasable","29":"product-type-variable","30":"rtwpvs-product"},"_links":{"self":[{"href":"https:\/\/a-patch.com\/de\/wp-json\/wp\/v2\/product\/15792","targetHints":{"allow":["GET"]}}],"collection":[{"href":"https:\/\/a-patch.com\/de\/wp-json\/wp\/v2\/product"}],"about":[{"href":"https:\/\/a-patch.com\/de\/wp-json\/wp\/v2\/types\/product"}],"replies":[{"embeddable":true,"href":"https:\/\/a-patch.com\/de\/wp-json\/wp\/v2\/comments?post=15792"}],"wp:featuredmedia":[{"embeddable":true,"href":"https:\/\/a-patch.com\/de\/wp-json\/wp\/v2\/media\/15795"}],"wp:attachment":[{"href":"https:\/\/a-patch.com\/de\/wp-json\/wp\/v2\/media?parent=15792"}],"wp:term":[{"taxonomy":"product_cat","embeddable":true,"href":"https:\/\/a-patch.com\/de\/wp-json\/wp\/v2\/product_cat?post=15792"},{"taxonomy":"product_tag","embeddable":true,"href":"https:\/\/a-patch.com\/de\/wp-json\/wp\/v2\/product_tag?post=15792"}],"curies":[{"name":"wp","href":"https:\/\/api.w.org\/{rel}","templated":true}]}}